{"id":3956,"date":"2019-12-05T16:00:56","date_gmt":"2019-12-05T16:00:56","guid":{"rendered":"https:\/\/laconiebrand.com\/?page_id=3956"},"modified":"2025-12-08T10:28:24","modified_gmt":"2025-12-08T10:28:24","slug":"contact","status":"publish","type":"page","link":"https:\/\/laconiebrand.com\/pl\/contact\/","title":{"rendered":"Contact"},"content":{"rendered":"<div data-parallax-bg-image=\"\" data-parallax-bg-speed=\"1\" data-parallax-bg-height=\"158\" class=\"vc_row wpb_row vc_row-fluid qodef-parallax-row-holder\" ><div class=\"wpb_column vc_column_container vc_col-sm-12\"><div class=\"vc_column-inner\"><div class=\"wpb_wrapper\"><\/div><\/div><\/div><\/div><div class=\"vc_row wpb_row vc_row-fluid vc_custom_1565785471278 qodef-content-aligment-center\" ><div class=\"wpb_column vc_column_container vc_col-sm-12\"><div class=\"vc_column-inner\"><div class=\"wpb_wrapper\"><div class=\"qodef-section-title-holder\" >\n\t<div class=\"qodef-st-inner\">\n\t\t\t\t\t<h1 class=\"qodef-st-title\" >\n\t\t\t\tkontakt\t\t\t<\/h1>\n\t\t\t\t\t\t\t<p class=\"qodef-st-text\" style=\"margin-top: 25px\">\n\t\t\t\tJe\u017celi masz pytania, zach\u0119camy do skorzystania z poni\u017cszego formularza kontaktowego.\t\t\t<\/p>\n\t\t\t\t\t<\/div>\n<\/div><\/div><\/div><\/div><\/div><div class=\"qodef-row-grid-section-wrapper\"  ><div class=\"qodef-row-grid-section\"><div class=\"vc_row wpb_row vc_row-fluid vc_custom_1563799310260\" ><div class=\"wpb_column vc_column_container vc_col-sm-4\"><div class=\"vc_column-inner\"><div class=\"wpb_wrapper\">\n\t<div class=\"wpb_text_column wpb_content_element\" >\n\t\t<div class=\"wpb_wrapper\">\n\t\t\t<h4>Laconie Brand Ltd<\/h4>\n\n\t\t<\/div>\n\t<\/div>\n\n\t<div class=\"wpb_text_column wpb_content_element\" >\n\t\t<div class=\"wpb_wrapper\">\n\t\t\t<p>Ela and Asia<\/p>\n\n\t\t<\/div>\n\t<\/div>\n<div class=\"vc_empty_space\"   style=\"height: 2px\"><span class=\"vc_empty_space_inner\"><\/span><\/div>\n\t<div class=\"wpb_text_column wpb_content_element\" >\n\t\t<div class=\"wpb_wrapper\">\n\t\t\t<p><a href=\"tel:+48666653418\">+44 7427444085<\/a><\/p>\n<p>+44 7397010680<\/p>\n\n\t\t<\/div>\n\t<\/div>\n\n\t<div class=\"wpb_text_column wpb_content_element\" >\n\t\t<div class=\"wpb_wrapper\">\n\t\t\t<p style=\"margin-top: 2px;\"><a href=\"mailto:contact@laconiebrand.com\">contact@laconiebrand.com<\/a><\/p>\n\n\t\t<\/div>\n\t<\/div>\n\n\t<div class=\"wpb_text_column wpb_content_element\" >\n\t\t<div class=\"wpb_wrapper\">\n\t\t\t\n\t\t<\/div>\n\t<\/div>\n<div class=\"vc_empty_space\"   style=\"height: 18px\"><span class=\"vc_empty_space_inner\"><\/span><\/div>    <span class=\"qodef-icon-shortcode qodef-normal\" style=\"margin: 0 20px 0 0\" data-color=\"#b3b3b3\">\n                    <a itemprop=\"url\" class=\"\" href=\"https:\/\/www.facebook.com\/laconiebrand\/\" target=\"_blank\" rel=\"noopener\">\n                    <i class=\"qodef-icon-font-awesome fab fa-facebook-f qodef-icon-element\" style=\"color: #b3b3b3;font-size:16px\" ><\/i>                    <\/a>\n            <\/span>\n    <span class=\"qodef-icon-shortcode qodef-normal\" style=\"margin: 0 20px 0 0\" data-color=\"#b3b3b3\">\n                    <a itemprop=\"url\" class=\"\" href=\"https:\/\/www.instagram.com\/laconie_brand\/\" target=\"_blank\" rel=\"noopener\">\n                    <i class=\"qodef-icon-font-awesome fab fa-instagram qodef-icon-element\" style=\"color: #b3b3b3;font-size:16px\" ><\/i>                    <\/a>\n            <\/span>\n    <span class=\"qodef-icon-shortcode qodef-normal\" style=\"margin: 0 20px 0 0\" data-color=\"#b3b3b3\">\n                    <a itemprop=\"url\" class=\"\" href=\"https:\/\/pl.pinterest.com\/laconiebrand\/\" target=\"_blank\" rel=\"noopener\">\n                    <i class=\"qodef-icon-font-awesome fab fa-pinterest qodef-icon-element\" style=\"color: #b3b3b3;font-size:16px\" ><\/i>                    <\/a>\n            <\/span>\n<div class=\"vc_empty_space\"   style=\"height: 40px\"><span class=\"vc_empty_space_inner\"><\/span><\/div><\/div><\/div><\/div><div class=\"wpb_column vc_column_container vc_col-sm-8\"><div class=\"vc_column-inner\"><div class=\"wpb_wrapper\"><div class=\"qodef-elements-holder   qodef-one-column  qodef-responsive-mode-768\" ><div class=\"qodef-eh-item\"  data-item-class=\"qodef-eh-custom-4687\" data-769-1024=\"0 0\" data-681-768=\"0 0\" data-680=\"0 0\">\n\t<div class=\"qodef-eh-item-inner\">\n\t\t<div class=\"qodef-eh-item-content qodef-eh-custom-4687\" style=\"padding: 0 0 0 55px\">\n\t\t\t\n<div class=\"wpcf7 no-js\" id=\"wpcf7-f6-o1\" lang=\"pl-PL\" dir=\"ltr\" data-wpcf7-id=\"6\">\n<div class=\"screen-reader-response\"><p role=\"status\" aria-live=\"polite\" aria-atomic=\"true\"><\/p> <ul><\/ul><\/div>\n<form action=\"\/pl\/wp-json\/wp\/v2\/pages\/3956#wpcf7-f6-o1\" method=\"post\" class=\"wpcf7-form init cf7_custom_style_2\" aria-label=\"Formularz kontaktowy\" novalidate=\"novalidate\" data-status=\"init\" data-trp-original-action=\"\/pl\/wp-json\/wp\/v2\/pages\/3956#wpcf7-f6-o1\">\n<fieldset class=\"hidden-fields-container\"><input type=\"hidden\" name=\"_wpcf7\" value=\"6\" \/><input type=\"hidden\" name=\"_wpcf7_version\" value=\"6.1.4\" \/><input type=\"hidden\" name=\"_wpcf7_locale\" value=\"pl_PL\" \/><input type=\"hidden\" name=\"_wpcf7_unit_tag\" value=\"wpcf7-f6-o1\" \/><input type=\"hidden\" name=\"_wpcf7_container_post\" value=\"0\" \/><input type=\"hidden\" name=\"_wpcf7_posted_data_hash\" value=\"\" \/>\n<\/fieldset>\n<div class=\"custom-contact\">\n\t<p><span class=\"wpcf7-form-control-wrap\" data-name=\"your-name\"><input size=\"40\" maxlength=\"400\" class=\"wpcf7-form-control wpcf7-text wpcf7-validates-as-required\" aria-required=\"true\" aria-invalid=\"false\" placeholder=\"NAME\" value=\"\" type=\"text\" name=\"your-name\" \/><\/span><span id=\"wpcf7-69e7584b464f6-wrapper\" class=\"wpcf7-form-control-wrap surename-wrap\" ><label for=\"wpcf7-69e7584b464f6-field\" class=\"hp-message\">Please leave this field empty.<\/label><input id=\"wpcf7-69e7584b464f6-field\"  class=\"wpcf7-form-control wpcf7-text\" type=\"text\" name=\"surename\" value=\"\" size=\"40\" tabindex=\"-1\" autocomplete=\"new-password\" \/><\/span><span class=\"wpcf7-form-control-wrap\" data-name=\"your-email\"><input size=\"40\" maxlength=\"400\" class=\"wpcf7-form-control wpcf7-email wpcf7-validates-as-required wpcf7-text wpcf7-validates-as-email\" aria-required=\"true\" aria-invalid=\"false\" placeholder=\"EMAIL\" value=\"\" type=\"email\" name=\"your-email\" \/><\/span><span class=\"wpcf7-form-control-wrap\" data-name=\"your-message\"><textarea cols=\"40\" rows=\"10\" maxlength=\"2000\" class=\"wpcf7-form-control wpcf7-textarea\" aria-invalid=\"false\" placeholder=\"MESSAGE\" name=\"your-message\"><\/textarea><\/span><button class=\"wpcf7-form-control wpcf7-submit qodef-btn-outline qodef-btn qodef-btn-medium\" type=\"submit\"><span class=\"qodef-btn-text\">SEND<\/span><\/button>\n\t<\/p>\n<\/div><div class=\"wpcf7-response-output\" aria-hidden=\"true\"><\/div>\n<input type=\"hidden\" name=\"trp-form-language\" value=\"pl\"\/><\/form>\n<\/div>\n\t\t<\/div>\n\t<\/div>\n<\/div><\/div><\/div><\/div><\/div><\/div><\/div><\/div>","protected":false},"excerpt":{"rendered":"contact If you have any questions, please use the contact form below. Laconie Brand Ltd Ela and Asia +44 7427444085 +44 7397010680 contact@laconiebrand.com Please leave this field empty.SEND","protected":false},"author":1,"featured_media":0,"parent":0,"menu_order":0,"comment_status":"closed","ping_status":"closed","template":"full-width.php","meta":{"footnotes":""},"class_list":["post-3956","page","type-page","status-publish","hentry"],"_links":{"self":[{"href":"https:\/\/laconiebrand.com\/pl\/wp-json\/wp\/v2\/pages\/3956","targetHints":{"allow":["GET"]}}],"collection":[{"href":"https:\/\/laconiebrand.com\/pl\/wp-json\/wp\/v2\/pages"}],"about":[{"href":"https:\/\/laconiebrand.com\/pl\/wp-json\/wp\/v2\/types\/page"}],"author":[{"embeddable":true,"href":"https:\/\/laconiebrand.com\/pl\/wp-json\/wp\/v2\/users\/1"}],"replies":[{"embeddable":true,"href":"https:\/\/laconiebrand.com\/pl\/wp-json\/wp\/v2\/comments?post=3956"}],"version-history":[{"count":22,"href":"https:\/\/laconiebrand.com\/pl\/wp-json\/wp\/v2\/pages\/3956\/revisions"}],"predecessor-version":[{"id":5502,"href":"https:\/\/laconiebrand.com\/pl\/wp-json\/wp\/v2\/pages\/3956\/revisions\/5502"}],"wp:attachment":[{"href":"https:\/\/laconiebrand.com\/pl\/wp-json\/wp\/v2\/media?parent=3956"}],"curies":[{"name":"wp","href":"https:\/\/api.w.org\/{rel}","templated":true}]}}