{"id":3890,"date":"2019-11-29T15:15:21","date_gmt":"2019-11-29T15:15:21","guid":{"rendered":"https:\/\/laconiebrand.com\/?post_type=product&#038;p=3890"},"modified":"2023-07-23T15:52:20","modified_gmt":"2023-07-23T15:52:20","slug":"werbena-upcycled-dress-with-praire-frill","status":"publish","type":"product","link":"https:\/\/laconiebrand.com\/pl\/produkt\/werbena-upcycled-dress-with-praire-frill\/","title":{"rendered":"Werbena Upcycled Dress with Frill"},"content":{"rendered":"<div class=\"vc_row wpb_row vc_row-fluid qodef-content-aligment-left\" ><div class=\"wpb_column vc_column_container vc_col-sm-6 vc_col-lg-offset-5\"><div class=\"vc_column-inner\"><div class=\"wpb_wrapper\"><div class=\"vc_empty_space\"   style=\"height: 32px\"><span class=\"vc_empty_space_inner\"><\/span><\/div>\n\t<div class=\"wpb_text_column wpb_content_element\" >\n\t\t<div class=\"wpb_wrapper\">\n\t\t\t<p>WYMIARY ONE SIZE (OVERSIZED<\/p>\n<pre id=\"tw-target-text\" class=\"tw-data-text tw-text-large tw-ta\" dir=\"ltr\" data-placeholder=\"T\u0142umaczenie\"><span class=\"Y2IQFc\" lang=\"en\">D\u0142ugo\u015b\u0107 (cm) 114\nSzeroko\u015b\u0107 w biu\u015bcie (cm) 70\nSzeroko\u015b\u0107 w talii (cm) 72,5\nSzeroko\u015b\u0107 w biodrach (cm) 75\nD\u0142ugo\u015b\u0107 r\u0119kawa (cm) 12\nModelka ma 170 cm wzrostu.\n\n100% bawe\u0142na\nSpos\u00f3b prania:<\/span><\/pre>\n\n\t\t<\/div>\n\t<\/div>\n<div class=\"vc_empty_space\"   style=\"height: 16px\"><span class=\"vc_empty_space_inner\"><\/span><\/div>\n\t<div  class=\"wpb_single_image wpb_content_element vc_align_left\">\n\t\t\n\t\t<figure class=\"wpb_wrapper vc_figure\">\n\t\t\t<div class=\"vc_single_image-wrapper   vc_box_border_grey\"><img loading=\"lazy\" decoding=\"async\" class=\"vc_single_image-img\" src=\"https:\/\/laconiebrand.com\/wp-content\/uploads\/2019\/11\/cotton-202x32.jpg\" width=\"202\" height=\"32\" alt=\"cotton\" title=\"cotton\" \/><\/div>\n\t\t<\/figure>\n\t<\/div>\n<div class=\"vc_empty_space\"   style=\"height: 32px\"><span class=\"vc_empty_space_inner\"><\/span><\/div><\/div><\/div><\/div><\/div>","protected":false},"excerpt":{"rendered":"<p><em>I am upcycled dress and I am handmade!<\/em><\/p>\n<p>Minimalistic oversized midi-length dress. Tent loose fit. Drop shoulders. Crew neck. Fastened with a button on the neckline and with a vintage frill called berta. Cotton fabric in majestic dusty pink colour. Construction in made in line with zero waste philosophy.<\/p>\n<p><strong>In my previous life I was a duvet cover!<\/strong><\/p>\n<p><strong>I found this material in my favourite charity shop. This colour is just perfect. That was a love<\/strong> love at first sight<strong>. It&#8217;s airy, it&#8217;s breathable, soft and natural. This dress is cute, modern, with vintage twist and minimalistic vibe at the same time!<\/strong><\/p>\n<pre class=\"tw-data-text tw-text-large tw-ta\" dir=\"ltr\" data-placeholder=\"T\u0142umaczenie\"><span class=\"Y2IQFc\" lang=\"en\">\u00a0It took me 5h to made this stuning dress.\u00a0<\/span><\/pre>\n<p>This product is made from upcycled material. Therefore, it may have some minor imperfections that do not significantly affect the quality of the product.<\/p>\n<pre class=\"tw-data-text tw-text-large tw-ta\" dir=\"ltr\" data-placeholder=\"T\u0142umaczenie\"><span class=\"Y2IQFc\" lang=\"en\">Our products are one-of-a-kind in limited quantities or sometimes in one piece only.  <\/span><\/pre>\n<p>Please also remember that we provide a FREE REPAIR SERVICE for all our products, so you can enjoy it as long as possible.<\/p>","protected":false},"featured_media":4743,"template":"","meta":[],"product_brand":[],"product_cat":[149],"product_tag":[190,201,203,202,204,188,150],"class_list":{"0":"post-3890","1":"product","2":"type-product","3":"status-publish","4":"has-post-thumbnail","6":"product_cat-dress","7":"product_tag-cute-midi-dress","8":"product_tag-dress-laconie","9":"product_tag-midi-tent-dress","10":"product_tag-minimalistic-dress","11":"product_tag-minimalistic-oversize-dress","12":"product_tag-tent-dress","13":"product_tag-upcycled-dress","15":"first","16":"instock","17":"taxable","18":"shipping-taxable","19":"purchasable","20":"product-type-simple"},"_links":{"self":[{"href":"https:\/\/laconiebrand.com\/pl\/wp-json\/wp\/v2\/product\/3890","targetHints":{"allow":["GET"]}}],"collection":[{"href":"https:\/\/laconiebrand.com\/pl\/wp-json\/wp\/v2\/product"}],"about":[{"href":"https:\/\/laconiebrand.com\/pl\/wp-json\/wp\/v2\/types\/product"}],"wp:featuredmedia":[{"embeddable":true,"href":"https:\/\/laconiebrand.com\/pl\/wp-json\/wp\/v2\/media\/4743"}],"wp:attachment":[{"href":"https:\/\/laconiebrand.com\/pl\/wp-json\/wp\/v2\/media?parent=3890"}],"wp:term":[{"taxonomy":"product_brand","embeddable":true,"href":"https:\/\/laconiebrand.com\/pl\/wp-json\/wp\/v2\/product_brand?post=3890"},{"taxonomy":"product_cat","embeddable":true,"href":"https:\/\/laconiebrand.com\/pl\/wp-json\/wp\/v2\/product_cat?post=3890"},{"taxonomy":"product_tag","embeddable":true,"href":"https:\/\/laconiebrand.com\/pl\/wp-json\/wp\/v2\/product_tag?post=3890"}],"curies":[{"name":"wp","href":"https:\/\/api.w.org\/{rel}","templated":true}]}}