{"id":3901,"date":"2019-11-29T16:15:23","date_gmt":"2019-11-29T16:15:23","guid":{"rendered":"https:\/\/laconiebrand.com\/?post_type=product&#038;p=3901"},"modified":"2024-04-01T14:25:28","modified_gmt":"2024-04-01T14:25:28","slug":"upcycled-sweatshirt-aloe-abstract-print","status":"publish","type":"product","link":"https:\/\/laconiebrand.com\/pl\/produkt\/upcycled-sweatshirt-aloe-abstract-print\/","title":{"rendered":"Aloe Upcycled Sweatshirt with Abstract Print"},"content":{"rendered":"<div class=\"vc_row wpb_row vc_row-fluid qodef-content-aligment-left\" ><div class=\"wpb_column vc_column_container vc_col-sm-6 vc_col-lg-offset-5\"><div class=\"vc_column-inner\"><div class=\"wpb_wrapper\"><div class=\"vc_empty_space\"   style=\"height: 32px\"><span class=\"vc_empty_space_inner\"><\/span><\/div>\n\t<div class=\"wpb_text_column wpb_content_element\" >\n\t\t<div class=\"wpb_wrapper\">\n\t\t\t<div id=\"tw-target-text-container\" class=\"tw-ta-container F0azHf tw-nfl\" tabindex=\"0\">\n<pre id=\"tw-target-text\" class=\"tw-data-text tw-text-large tw-ta\" dir=\"ltr\" data-placeholder=\"T\u0142umaczenie\"><span class=\"Y2IQFc\" lang=\"en\">WYMIARY ONE SIZE (OVERSIZE)\nD\u0142ugo\u015b\u0107 (cm) 66\nSzeroko\u015b\u0107 w biu\u015bcie (cm) 68\nSzeroko\u015b\u0107 w pasie (cm) 62\nD\u0142ugo\u015b\u0107 r\u0119kawa (cm) 50\nModelka ma 170 cm wzrostu.\n\n90% bawe\u0142na, 10% poliester\n\nSpos\u00f3b prania:<\/span><\/pre>\n<\/div>\n<div id=\"tw-target-rmn-container\" class=\"tw-target-rmn tw-ta-container F0azHf tw-nfl\">\n<pre id=\"tw-target-rmn\" class=\"tw-data-placeholder tw-text-small tw-ta\" dir=\"ltr\" data-placeholder=\"\"><\/pre>\n<\/div>\n\n\t\t<\/div>\n\t<\/div>\n<div class=\"vc_empty_space\"   style=\"height: 16px\"><span class=\"vc_empty_space_inner\"><\/span><\/div>\n\t<div  class=\"wpb_single_image wpb_content_element vc_align_left\">\n\t\t\n\t\t<figure class=\"wpb_wrapper vc_figure\">\n\t\t\t<div class=\"vc_single_image-wrapper   vc_box_border_grey\"><img loading=\"lazy\" decoding=\"async\" class=\"vc_single_image-img\" src=\"https:\/\/laconiebrand.com\/wp-content\/uploads\/2019\/11\/90cotton-10polyester-202x32.jpg\" width=\"202\" height=\"32\" alt=\"cotton polyester mix\" title=\"90cotton 10polyester\" \/><\/div>\n\t\t<\/figure>\n\t<\/div>\n<div class=\"vc_empty_space\"   style=\"height: 32px\"><span class=\"vc_empty_space_inner\"><\/span><\/div><\/div><\/div><\/div><\/div>","protected":false},"excerpt":{"rendered":"<div id=\"tw-target-text-container\" class=\"tw-ta-container F0azHf tw-nfl\" tabindex=\"0\">\n<p><em>Hiya! I&#8217;m upcycled sweathshirt! I am handmade and green aloe is my soul!<\/em><\/p>\n<p>&nbsp;<\/p>\n<p>This upcycled sweatshirt is made from deadstock knitwear, so you can feel good about your purchase knowing that it&#8217;s not just another piece of fast fashion. We got this superb soft knit online as a deadstock piece of material.\u00a0 It&#8217;s also handmade with care, so you can be sure of its quality.The sweatshirt has a loose, oversized fit that&#8217;s perfect for lounging around or running errands. The brushed fabric is soft and comfortable to the touch, and the grey flock linear abstract print adds a touch of modern style.<\/p>\n<pre id=\"tw-target-text\" class=\"tw-data-text tw-text-large tw-ta\" dir=\"ltr\" data-placeholder=\"Translation\"><span class=\"Y2IQFc\" lang=\"en\">We wanted to create a comfy, timeless sweatshirt that will provide comfort and coziness like a nice and soft layer.<\/span><\/pre>\n<p>The sweatshirt also features ribbed trims at the neck, cuffs, and hem for a flattering look.<\/p>\n<p>All splendid stuff in Aloe:<\/p>\n<ul>\n<li dir=\"ltr\" data-placeholder=\"T\u0142umaczenie\">upcycled<\/li>\n<li dir=\"ltr\" data-placeholder=\"T\u0142umaczenie\">handmade<\/li>\n<li dir=\"ltr\" data-placeholder=\"T\u0142umaczenie\">ribbed trims<\/li>\n<li dir=\"ltr\" data-placeholder=\"T\u0142umaczenie\">deadstock knitwear<\/li>\n<li id=\"tw-target-text\" class=\"tw-data-text tw-text-large tw-ta\" dir=\"ltr\" data-placeholder=\"T\u0142umaczenie\"><span class=\"Y2IQFc\" lang=\"en\">crew neck<\/span><\/li>\n<li dir=\"ltr\" data-placeholder=\"T\u0142umaczenie\"><span class=\"Y2IQFc\" lang=\"en\">brushed fabric, nice to touch. <\/span><\/li>\n<li dir=\"ltr\" data-placeholder=\"T\u0142umaczenie\"><span class=\"Y2IQFc\" lang=\"en\">loose oversized fit<\/span><\/li>\n<li dir=\"ltr\" data-placeholder=\"T\u0142umaczenie\"><span class=\"Y2IQFc\" lang=\"en\">grey flock linear abstract print <\/span><span class=\"Y2IQFc\" lang=\"en\"><br \/>\n<\/span><\/li>\n<li dir=\"ltr\" data-placeholder=\"T\u0142umaczenie\">laid-back, comfortable look<\/li>\n<li class=\"tw-data-text tw-text-large tw-ta\" dir=\"ltr\" data-placeholder=\"T\u0142umaczenie\"><span class=\"Y2IQFc\" lang=\"en\">drop shoulders\u00a0\u00a0\u00a0 <\/span><\/li>\n<\/ul>\n<div id=\"tw-target-text-container\" class=\"tw-ta-container F0azHf tw-nfl\" tabindex=\"0\">\n<p>Only 2 pieces left!<\/p>\n<p>As all our products, this has been sustainably and ethically made using zero-waste cutting techniques.<\/p>\n<p>A timeless design, made to be cherished.<\/p>\n<p>Our sustainable clothes are the perfect way to make a difference. Shop now and start feeling good about your fashion choices.<\/p>\n<p>&nbsp;<\/p>\n<\/div>\n<div id=\"tw-target-rmn-container\" class=\"tw-target-rmn tw-ta-container F0azHf tw-nfl\">\n<p>This sweatshirt is made from upcycled material. Therefore, it may have some minor imperfections that do not significantly affect the quality of the product.<\/p>\n<p id=\"tw-target-rmn\" class=\"tw-data-placeholder tw-text-small tw-ta\" dir=\"ltr\">Our products are one-of-a-kind in limited quantities or sometimes in one piece only.<\/p>\n<p class=\"tw-data-placeholder tw-text-small tw-ta\" dir=\"ltr\">Please also remember that we provide a FREE REPAIR SERVICE for all our products, so you can enjoy it as long as possible.<\/p>\n<\/div>\n<\/div>\n<div id=\"tw-target-rmn-container\" class=\"tw-target-rmn tw-ta-container F0azHf tw-nfl\">\n<pre id=\"tw-target-rmn\" class=\"tw-data-placeholder tw-text-small tw-ta\" dir=\"ltr\" data-placeholder=\"\"><a href=\"https:\/\/laconiebrand.com\/wp-content\/uploads\/2023\/07\/ALOE-UPCYCLED-SWEATSHIRT-ABSTRACT-PRINT-VIDEO-1080-X-1920.mov\">ALOE UPCYCLED SWEATSHIRT ABSTRACT PRINT VIDEO 1080 X 1920<\/a><\/pre>\n<\/div>","protected":false},"featured_media":4874,"template":"","meta":[],"product_brand":[],"product_cat":[194],"product_tag":[299,298,321,300,234,297],"class_list":{"0":"post-3901","1":"product","2":"type-product","3":"status-publish","4":"has-post-thumbnail","6":"product_cat-hoodiessweatshirts","7":"product_tag-green-aloe-sweatshirt","8":"product_tag-handmade-clothes","9":"product_tag-lswatshirt-with-linear-print","10":"product_tag-sweatshirt-with-abstract-print","11":"product_tag-upcycled","12":"product_tag-upcycled-sweatshirt","14":"first","15":"instock","16":"taxable","17":"shipping-taxable","18":"purchasable","19":"product-type-simple"},"_links":{"self":[{"href":"https:\/\/laconiebrand.com\/pl\/wp-json\/wp\/v2\/product\/3901","targetHints":{"allow":["GET"]}}],"collection":[{"href":"https:\/\/laconiebrand.com\/pl\/wp-json\/wp\/v2\/product"}],"about":[{"href":"https:\/\/laconiebrand.com\/pl\/wp-json\/wp\/v2\/types\/product"}],"wp:featuredmedia":[{"embeddable":true,"href":"https:\/\/laconiebrand.com\/pl\/wp-json\/wp\/v2\/media\/4874"}],"wp:attachment":[{"href":"https:\/\/laconiebrand.com\/pl\/wp-json\/wp\/v2\/media?parent=3901"}],"wp:term":[{"taxonomy":"product_brand","embeddable":true,"href":"https:\/\/laconiebrand.com\/pl\/wp-json\/wp\/v2\/product_brand?post=3901"},{"taxonomy":"product_cat","embeddable":true,"href":"https:\/\/laconiebrand.com\/pl\/wp-json\/wp\/v2\/product_cat?post=3901"},{"taxonomy":"product_tag","embeddable":true,"href":"https:\/\/laconiebrand.com\/pl\/wp-json\/wp\/v2\/product_tag?post=3901"}],"curies":[{"name":"wp","href":"https:\/\/api.w.org\/{rel}","templated":true}]}}