{"id":3907,"date":"2019-11-29T16:18:53","date_gmt":"2019-11-29T16:18:53","guid":{"rendered":"https:\/\/laconiebrand.com\/?post_type=product&#038;p=3907"},"modified":"2023-07-23T15:53:41","modified_gmt":"2023-07-23T15:53:41","slug":"salvia-sleeveless-upcycled-t-shirt","status":"publish","type":"product","link":"https:\/\/laconiebrand.com\/pl\/produkt\/salvia-sleeveless-upcycled-t-shirt\/","title":{"rendered":"Salvia Upcycled T-shirt with Linear Print"},"content":{"rendered":"<div class=\"vc_row wpb_row vc_row-fluid qodef-content-aligment-left\" ><div class=\"wpb_column vc_column_container vc_col-sm-6 vc_col-lg-offset-5\"><div class=\"vc_column-inner\"><div class=\"wpb_wrapper\"><div class=\"vc_empty_space\"   style=\"height: 32px\"><span class=\"vc_empty_space_inner\"><\/span><\/div>\n\t<div class=\"wpb_text_column wpb_content_element\" >\n\t\t<div class=\"wpb_wrapper\">\n\t\t\t<div id=\"tw-target-text-container\" class=\"tw-ta-container F0azHf tw-nfl\" tabindex=\"0\">\n<pre id=\"tw-target-text\" class=\"tw-data-text tw-text-large tw-ta\" dir=\"ltr\" data-placeholder=\"T\u0142umaczenie\"><span class=\"Y2IQFc\" lang=\"en\">WYMIARY ONE SIZE (OVERSIZE)\nD\u0142ugo\u015b\u0107 (cm) 67\nSzeroko\u015b\u0107 w biu\u015bcie (cm) 65\nSzeroko\u015b\u0107 w pasie (cm) 65\nModelka ma 170 cm wzrostu.\n\n90% bawe\u0142na, 10% poliester\n\nSpos\u00f3b prania:<\/span><\/pre>\n<\/div>\n<div id=\"tw-target-rmn-container\" class=\"tw-target-rmn tw-ta-container F0azHf tw-nfl\">\n<pre id=\"tw-target-rmn\" class=\"tw-data-placeholder tw-text-small tw-ta\" dir=\"ltr\" data-placeholder=\"\"><\/pre>\n<\/div>\n\n\t\t<\/div>\n\t<\/div>\n<div class=\"vc_empty_space\"   style=\"height: 16px\"><span class=\"vc_empty_space_inner\"><\/span><\/div>\n\t<div  class=\"wpb_single_image wpb_content_element vc_align_left\">\n\t\t\n\t\t<figure class=\"wpb_wrapper vc_figure\">\n\t\t\t<div class=\"vc_single_image-wrapper   vc_box_border_grey\"><img loading=\"lazy\" decoding=\"async\" class=\"vc_single_image-img\" src=\"https:\/\/laconiebrand.com\/wp-content\/uploads\/2019\/11\/90cotton-10polyester-202x32.jpg\" width=\"202\" height=\"32\" alt=\"cotton polyester mix\" title=\"90cotton 10polyester\" \/><\/div>\n\t\t<\/figure>\n\t<\/div>\n<div class=\"vc_empty_space\"   style=\"height: 32px\"><span class=\"vc_empty_space_inner\"><\/span><\/div><\/div><\/div><\/div><\/div>","protected":false},"excerpt":{"rendered":"<p>I am Salvia, I&#8217;m from deadstock and I am upcycled T-shirt!<\/p>\n<p>Sleeveless T-shirt, hand-finished at the shoulders line. Pale green T-shirt has a contrasting short mock neck rib in purple and a large original linear print in pastel colours on front.\u00a0Jersey was found on online store as a deadstock. I made linear abstract print design in pastel colours matching to pale green material. For neck finishing I used scratches from the same website. \u00a0Print was made by the gentleman (whom, unfortunately, I did not ask for his name) in a small local printing point in Poland, under my insistence that he would have to work so hard, that I had to choose so many colours &#8211; I am very grateful for that :).<\/p>\n<p>&nbsp;<\/p>\n<p>It took me 2h to made this orginal product &#8211; I&#8217;m not counting print work.<\/p>\n<p>&nbsp;<\/p>\n<p>This product is made from upcycled material. Therefore, it may have some minor imperfections that do not significantly affect the quality of the product.<\/p>\n<p>Our products are one-of-a-kind in limited quantities or sometimes in one piece only.<\/p>\n<p>Please also remember that we provide a FREE REPAIR SERVICE for all our products, so you can enjoy it as long as possible.<\/p>","protected":false},"featured_media":4714,"template":"","meta":[],"product_brand":[],"product_cat":[128],"product_tag":[208,209,129,206,207,212,210,205,213,137,211],"class_list":{"0":"post-3907","1":"product","2":"type-product","3":"status-publish","4":"has-post-thumbnail","6":"product_cat-t-shirt","7":"product_tag-big-print-t-shirt","8":"product_tag-deadstock-t-shirt","9":"product_tag-laconie-t-shirt","10":"product_tag-orginal-print-t-shirt","11":"product_tag-pastel-print-t-shirt","12":"product_tag-pastel-t-shirt","13":"product_tag-sleeveless-t-shirt","14":"product_tag-sustainable-t-shirt","15":"product_tag-t-shirt-with-print","16":"product_tag-upcycled-clothes","17":"product_tag-upcycled-t-shirt","19":"first","20":"instock","21":"taxable","22":"shipping-taxable","23":"purchasable","24":"product-type-simple"},"_links":{"self":[{"href":"https:\/\/laconiebrand.com\/pl\/wp-json\/wp\/v2\/product\/3907","targetHints":{"allow":["GET"]}}],"collection":[{"href":"https:\/\/laconiebrand.com\/pl\/wp-json\/wp\/v2\/product"}],"about":[{"href":"https:\/\/laconiebrand.com\/pl\/wp-json\/wp\/v2\/types\/product"}],"wp:featuredmedia":[{"embeddable":true,"href":"https:\/\/laconiebrand.com\/pl\/wp-json\/wp\/v2\/media\/4714"}],"wp:attachment":[{"href":"https:\/\/laconiebrand.com\/pl\/wp-json\/wp\/v2\/media?parent=3907"}],"wp:term":[{"taxonomy":"product_brand","embeddable":true,"href":"https:\/\/laconiebrand.com\/pl\/wp-json\/wp\/v2\/product_brand?post=3907"},{"taxonomy":"product_cat","embeddable":true,"href":"https:\/\/laconiebrand.com\/pl\/wp-json\/wp\/v2\/product_cat?post=3907"},{"taxonomy":"product_tag","embeddable":true,"href":"https:\/\/laconiebrand.com\/pl\/wp-json\/wp\/v2\/product_tag?post=3907"}],"curies":[{"name":"wp","href":"https:\/\/api.w.org\/{rel}","templated":true}]}}