{"id":4106,"date":"2020-03-28T15:43:14","date_gmt":"2020-03-28T15:43:14","guid":{"rendered":"https:\/\/laconiebrand.com\/?post_type=product&#038;p=4106"},"modified":"2023-07-23T16:00:45","modified_gmt":"2023-07-23T16:00:45","slug":"sweet-pea-upcycled-dress-with-pockets","status":"publish","type":"product","link":"https:\/\/laconiebrand.com\/pl\/produkt\/sweet-pea-upcycled-dress-with-pockets\/","title":{"rendered":"Sweet Pea Upcycled Dress with Pockets"},"content":{"rendered":"<div class=\"vc_row wpb_row vc_row-fluid qodef-content-aligment-left\" ><div class=\"wpb_column vc_column_container vc_col-sm-6 vc_col-lg-offset-5\"><div class=\"vc_column-inner\"><div class=\"wpb_wrapper\"><div class=\"vc_empty_space\"   style=\"height: 32px\"><span class=\"vc_empty_space_inner\"><\/span><\/div>\n\t<div class=\"wpb_text_column wpb_content_element\" >\n\t\t<div class=\"wpb_wrapper\">\n\t\t\t<pre id=\"tw-target-text\" class=\"tw-data-text tw-text-large tw-ta\" dir=\"ltr\" data-placeholder=\"T\u0142umaczenie\"><span class=\"Y2IQFc\" lang=\"en\">WYMIARY ONE SIZE (OVERSIZE)\nD\u0142ugo\u015b\u0107 (cm) 95\n\nSzeroko\u015b\u0107 w biu\u015bcie (cm) 53\n\nSzeroko\u015b\u0107 w pasie (cm) 53\n\nSzeroko\u015b\u0107 w biodrach (cm) 58\n\nD\u0142ugo\u015b\u0107 r\u0119kawa (cm) 30\n\n100% bawe\u0142na\n\nSpos\u00f3b prania:<\/span><\/pre>\n\n\t\t<\/div>\n\t<\/div>\n<div class=\"vc_empty_space\"   style=\"height: 16px\"><span class=\"vc_empty_space_inner\"><\/span><\/div>\n\t<div  class=\"wpb_single_image wpb_content_element vc_align_left\">\n\t\t\n\t\t<figure class=\"wpb_wrapper vc_figure\">\n\t\t\t<div class=\"vc_single_image-wrapper   vc_box_border_grey\"><img loading=\"lazy\" decoding=\"async\" class=\"vc_single_image-img\" src=\"https:\/\/laconiebrand.com\/wp-content\/uploads\/2019\/11\/cotton-202x32.jpg\" width=\"202\" height=\"32\" alt=\"cotton\" title=\"cotton\" \/><\/div>\n\t\t<\/figure>\n\t<\/div>\n<div class=\"vc_empty_space\"   style=\"height: 32px\"><span class=\"vc_empty_space_inner\"><\/span><\/div><\/div><\/div><\/div><\/div>","protected":false},"excerpt":{"rendered":"<div id=\"tw-target-text-container\" class=\"tw-ta-container F0azHf tw-nfl\" tabindex=\"0\">\n<p>I am handmade and upcycled dress!<\/p>\n<p><strong>Mini dress with pockets and with an cheerful energy<\/strong><strong>\ud83d\ude42<\/strong><strong>. <\/strong>Casual summer dress with slightly puffed sleeves. Pockets on both sides. Tiny darts on the pockets changing their shape to more trapezoidal. Oak wooden button placket. White cotton tape to tie-up waist. Pattern with diagonal multicolored stripes of different widths.<\/p>\n<p><strong>This striped mini cutie was found as a duvet cover from 70\u2019s. This is orginal vintage fabric and pattern design. Multicolored stripes are like sunshine. <\/strong>For me this mini dress is perfect like carefree summer memories.<\/p>\n<pre class=\"tw-data-text tw-text-large tw-ta\" dir=\"ltr\" data-placeholder=\"T\u0142umaczenie\"><span class=\"Y2IQFc\" lang=\"en\">\r\nIt took me 4.5h to made this product.\r\n\r\n<\/span><\/pre>\n<p>This product is made from upcycled material. Therefore, it may have some minor imperfections that do not significantly affect the quality of the product.<\/p>\n<pre class=\"tw-data-text tw-text-large tw-ta\" dir=\"ltr\" data-placeholder=\"T\u0142umaczenie\"><span class=\"Y2IQFc\" lang=\"en\">Our products are one-of-a-kind in limited quantities or sometimes in one piece only. \r\nPlease also remember that we provide a FREE REPAIR SERVICE for all our products, so you can enjoy it as long as possible.<\/span><\/pre>\n<p>&nbsp;<\/p>\n<pre id=\"tw-target-text\" class=\"tw-data-text tw-text-large tw-ta\" dir=\"ltr\" data-placeholder=\"T\u0142umaczenie\"><span class=\"Y2IQFc\" lang=\"en\">\u00a0<\/span><\/pre>\n<\/div>\n<div id=\"tw-target-rmn-container\" class=\"tw-target-rmn tw-ta-container F0azHf tw-nfl\">\n<pre id=\"tw-target-rmn\" class=\"tw-data-placeholder tw-text-small tw-ta\" dir=\"ltr\" data-placeholder=\"\"><\/pre>\n<\/div>","protected":false},"featured_media":4729,"template":"","meta":[],"product_brand":[],"product_cat":[149],"product_tag":[187,216,214,215,219,220,218,137,150,217],"class_list":{"0":"post-4106","1":"product","2":"type-product","3":"status-publish","4":"has-post-thumbnail","6":"product_cat-dress","7":"product_tag-dress-with-pockets","8":"product_tag-mini-dress","9":"product_tag-multicoloured-dress","10":"product_tag-skater-dress","11":"product_tag-stripes-dress","12":"product_tag-sustainable-dress","13":"product_tag-tie-dress","14":"product_tag-upcycled-clothes","15":"product_tag-upcycled-dress","16":"product_tag-upcycled-mini-dress","18":"first","19":"instock","20":"sold-individually","21":"taxable","22":"shipping-taxable","23":"purchasable","24":"product-type-simple"},"_links":{"self":[{"href":"https:\/\/laconiebrand.com\/pl\/wp-json\/wp\/v2\/product\/4106","targetHints":{"allow":["GET"]}}],"collection":[{"href":"https:\/\/laconiebrand.com\/pl\/wp-json\/wp\/v2\/product"}],"about":[{"href":"https:\/\/laconiebrand.com\/pl\/wp-json\/wp\/v2\/types\/product"}],"wp:featuredmedia":[{"embeddable":true,"href":"https:\/\/laconiebrand.com\/pl\/wp-json\/wp\/v2\/media\/4729"}],"wp:attachment":[{"href":"https:\/\/laconiebrand.com\/pl\/wp-json\/wp\/v2\/media?parent=4106"}],"wp:term":[{"taxonomy":"product_brand","embeddable":true,"href":"https:\/\/laconiebrand.com\/pl\/wp-json\/wp\/v2\/product_brand?post=4106"},{"taxonomy":"product_cat","embeddable":true,"href":"https:\/\/laconiebrand.com\/pl\/wp-json\/wp\/v2\/product_cat?post=4106"},{"taxonomy":"product_tag","embeddable":true,"href":"https:\/\/laconiebrand.com\/pl\/wp-json\/wp\/v2\/product_tag?post=4106"}],"curies":[{"name":"wp","href":"https:\/\/api.w.org\/{rel}","templated":true}]}}