{"id":4107,"date":"2020-03-28T15:52:10","date_gmt":"2020-03-28T15:52:10","guid":{"rendered":"https:\/\/laconiebrand.com\/?post_type=product&#038;p=4107"},"modified":"2023-07-23T16:03:18","modified_gmt":"2023-07-23T16:03:18","slug":"iris-utility-upcycled-dress-with-pockets","status":"publish","type":"product","link":"https:\/\/laconiebrand.com\/pl\/produkt\/iris-utility-upcycled-dress-with-pockets\/","title":{"rendered":"Iris Utility Upcycled Dress with Pockets"},"content":{"rendered":"<div class=\"vc_row wpb_row vc_row-fluid qodef-content-aligment-left\" ><div class=\"wpb_column vc_column_container vc_col-sm-6 vc_col-lg-offset-5\"><div class=\"vc_column-inner\"><div class=\"wpb_wrapper\"><div class=\"vc_empty_space\"   style=\"height: 32px\"><span class=\"vc_empty_space_inner\"><\/span><\/div>\n\t<div class=\"wpb_text_column wpb_content_element\" >\n\t\t<div class=\"wpb_wrapper\">\n\t\t\t<div id=\"tw-target-text-container\" class=\"tw-ta-container F0azHf tw-nfl\" tabindex=\"0\">\n<pre id=\"tw-target-text\" class=\"tw-data-text tw-text-large tw-ta\" dir=\"ltr\" data-placeholder=\"T\u0142umaczenie\"><span class=\"Y2IQFc\" lang=\"en\">WYMIARY ONE SIZE (OVERSIZE)\n\nD\u0142ugo\u015b\u0107 (cm) 105\nSzeroko\u015b\u0107 w biu\u015bcie (cm) 67\nSzeroko\u015b\u0107 w talii (cm) 67\nSzeroko\u015b\u0107 w biodrach (cm) 67\n100% bawe\u0142na\n\nSpos\u00f3b prania:<\/span><\/pre>\n<\/div>\n<div id=\"tw-target-rmn-container\" class=\"tw-target-rmn tw-ta-container F0azHf tw-nfl\">\n<pre id=\"tw-target-rmn\" class=\"tw-data-placeholder tw-text-small tw-ta\" dir=\"ltr\" data-placeholder=\"\"><\/pre>\n<\/div>\n\n\t\t<\/div>\n\t<\/div>\n<div class=\"vc_empty_space\"   style=\"height: 16px\"><span class=\"vc_empty_space_inner\"><\/span><\/div>\n\t<div  class=\"wpb_single_image wpb_content_element vc_align_left\">\n\t\t\n\t\t<figure class=\"wpb_wrapper vc_figure\">\n\t\t\t<div class=\"vc_single_image-wrapper   vc_box_border_grey\"><img loading=\"lazy\" decoding=\"async\" class=\"vc_single_image-img\" src=\"https:\/\/laconiebrand.com\/wp-content\/uploads\/2019\/11\/cotton-202x32.jpg\" width=\"202\" height=\"32\" alt=\"cotton\" title=\"cotton\" \/><\/div>\n\t\t<\/figure>\n\t<\/div>\n<div class=\"vc_empty_space\"   style=\"height: 32px\"><span class=\"vc_empty_space_inner\"><\/span><\/div><\/div><\/div><\/div><\/div>","protected":false},"excerpt":{"rendered":"<div id=\"tw-target-text-container\" class=\"tw-ta-container F0azHf tw-nfl\" tabindex=\"0\">\n<p><em>My name is Iris! I am handmade and upcycled dress!<\/em><\/p>\n<p>Utility midi dress. Shirt shape with spread collar. Oversized fit. Belt with a loops to tie the waist. Dress is full of pockets, because there is two worker utility pockets on hips- sewn directly onto the fabric and also 2 flap pockets with metal snaps on cheast. Metal snap placket. Splits on both sides. Cotton fabric in majestic blue colour.<\/p>\n<p>&nbsp;<\/p>\n<p>I was duvet cover before!<\/p>\n<p>Material was found in my favourite charity shop. I wanted to create a very practical dress with pockets that would meet the requirements of being functional. I also wanted the pockets to be large enough to hold the phone and keys without fear that they would fall out while moving. I was trying maximalize make life easier details on minimalistic and simple shape.<\/p>\n<p>All metal elements mounted \u00a0mr Tom and his father- they running local leather-workshop for three generations till now.<\/p>\n<p>&nbsp;<\/p>\n<p>It took me 5h to made this item.<\/p>\n<p>This product is made from upcycled material. Therefore, it may have some minor imperfections that do not significantly affect the quality of the product.<\/p>\n<p>Our products are one-of-a-kind in limited quantities or sometimes in one piece only.<\/p>\n<\/div>\n<div class=\"tw-ta-container F0azHf tw-nfl\" tabindex=\"0\">\n<p>Please also remember that we provide a FREE REPAIR SERVICE for all our products, so you can enjoy it as long as possible.<\/p>\n<\/div>\n<div id=\"tw-target-rmn-container\" class=\"tw-target-rmn tw-ta-container F0azHf tw-nfl\">\n<pre id=\"tw-target-rmn\" class=\"tw-data-placeholder tw-text-small tw-ta\" dir=\"ltr\" data-placeholder=\"\"><\/pre>\n<\/div>","protected":false},"featured_media":4683,"template":"","meta":[],"product_brand":[],"product_cat":[149],"product_tag":[280,187,157,279,278,281,282,137,252,150,276,277],"class_list":{"0":"post-4107","1":"product","2":"type-product","3":"status-publish","4":"has-post-thumbnail","6":"product_cat-dress","7":"product_tag-blue-midi-dress","8":"product_tag-dress-with-pockets","9":"product_tag-laconie-dress","10":"product_tag-midi-dress-with-pockets","11":"product_tag-midi-utility-dress","12":"product_tag-minimalistic-blue-dress","13":"product_tag-tie-midi-dress","14":"product_tag-upcycled-clothes","15":"product_tag-upcycled-clothing-brand","16":"product_tag-upcycled-dress","17":"product_tag-upcycled-dress-with-pocket","18":"product_tag-utility-dress","20":"first","21":"instock","22":"sold-individually","23":"taxable","24":"shipping-taxable","25":"purchasable","26":"product-type-simple"},"_links":{"self":[{"href":"https:\/\/laconiebrand.com\/pl\/wp-json\/wp\/v2\/product\/4107","targetHints":{"allow":["GET"]}}],"collection":[{"href":"https:\/\/laconiebrand.com\/pl\/wp-json\/wp\/v2\/product"}],"about":[{"href":"https:\/\/laconiebrand.com\/pl\/wp-json\/wp\/v2\/types\/product"}],"wp:featuredmedia":[{"embeddable":true,"href":"https:\/\/laconiebrand.com\/pl\/wp-json\/wp\/v2\/media\/4683"}],"wp:attachment":[{"href":"https:\/\/laconiebrand.com\/pl\/wp-json\/wp\/v2\/media?parent=4107"}],"wp:term":[{"taxonomy":"product_brand","embeddable":true,"href":"https:\/\/laconiebrand.com\/pl\/wp-json\/wp\/v2\/product_brand?post=4107"},{"taxonomy":"product_cat","embeddable":true,"href":"https:\/\/laconiebrand.com\/pl\/wp-json\/wp\/v2\/product_cat?post=4107"},{"taxonomy":"product_tag","embeddable":true,"href":"https:\/\/laconiebrand.com\/pl\/wp-json\/wp\/v2\/product_tag?post=4107"}],"curies":[{"name":"wp","href":"https:\/\/api.w.org\/{rel}","templated":true}]}}