{"id":4109,"date":"2020-03-28T16:20:55","date_gmt":"2020-03-28T16:20:55","guid":{"rendered":"https:\/\/laconiebrand.com\/?post_type=product&#038;p=4109"},"modified":"2024-04-01T14:21:08","modified_gmt":"2024-04-01T14:21:08","slug":"daisy-upcycled-tote-bag-with-print","status":"publish","type":"product","link":"https:\/\/laconiebrand.com\/pl\/produkt\/daisy-upcycled-tote-bag-with-print\/","title":{"rendered":"Daisy Upcycled Tote Bag with Print"},"content":{"rendered":"<div class=\"vc_row wpb_row vc_row-fluid qodef-content-aligment-left\" ><div class=\"wpb_column vc_column_container vc_col-sm-6 vc_col-lg-offset-5\"><div class=\"vc_column-inner\"><div class=\"wpb_wrapper\"><div class=\"vc_empty_space\"   style=\"height: 32px\"><span class=\"vc_empty_space_inner\"><\/span><\/div>\n\t<div class=\"wpb_text_column wpb_content_element\" >\n\t\t<div class=\"wpb_wrapper\">\n\t\t\t<div id=\"tw-target-text-container\" class=\"tw-ta-container F0azHf tw-nfl\" tabindex=\"0\">\n<pre id=\"tw-target-text\" class=\"tw-data-text tw-text-large tw-ta\" dir=\"ltr\" data-placeholder=\"T\u0142umaczenie\"><span class=\"Y2IQFc\" lang=\"en\">WYMIARY ONE SIZE:\n\nD\u0142ugo\u015b\u0107 (cm) 42\n\nSzeroko\u015b\u0107 (cm) 47\n\n100% bawe\u0142na\n\nSpos\u00f3b prania:<\/span><\/pre>\n<\/div>\n<div id=\"tw-target-rmn-container\" class=\"tw-target-rmn tw-ta-container F0azHf tw-nfl\">\n<pre id=\"tw-target-rmn\" class=\"tw-data-placeholder tw-text-small tw-ta\" dir=\"ltr\" data-placeholder=\"\"><\/pre>\n<\/div>\n\n\t\t<\/div>\n\t<\/div>\n<div class=\"vc_empty_space\"   style=\"height: 16px\"><span class=\"vc_empty_space_inner\"><\/span><\/div>\n\t<div  class=\"wpb_single_image wpb_content_element vc_align_left\">\n\t\t\n\t\t<figure class=\"wpb_wrapper vc_figure\">\n\t\t\t<div class=\"vc_single_image-wrapper   vc_box_border_grey\"><img loading=\"lazy\" decoding=\"async\" class=\"vc_single_image-img\" src=\"https:\/\/laconiebrand.com\/wp-content\/uploads\/2019\/11\/cotton-202x32.jpg\" width=\"202\" height=\"32\" alt=\"cotton\" title=\"cotton\" \/><\/div>\n\t\t<\/figure>\n\t<\/div>\n<div class=\"vc_empty_space\"   style=\"height: 32px\"><span class=\"vc_empty_space_inner\"><\/span><\/div><\/div><\/div><\/div><\/div>","protected":false},"excerpt":{"rendered":"<div id=\"tw-target-text-container\" class=\"tw-ta-container F0azHf tw-nfl\" tabindex=\"0\">\n<p>My name is Daisy! I am upcycled and handmade tote bag!<\/p>\n<p>Universal tote bag. Panama weave on out of waste material. Black flex print on the front. Colourful pastel stripes pattern on fabric. Multicoloured diagonal design.<\/p>\n<p>&nbsp;<\/p>\n<p>Before I used to be unspecified sheet of material. \u00a0Now I am cheerful \u00a0tote bag!<\/p>\n<p>I found this fabric in second hand store. I heard a voice coming from the container standing in the corner, which said: I&#8217;m here!It&#8217;s me you&#8217;re looking for! I thought to myself that although this canvas \u00a0is too thick to sew a garment out of it, BUT these stripes are so cute! I had to give myself a few days to figure out what to do with it, because it wasn&#8217;t a big enough piece to make, for example, a jacket. But this canvas is strong and sturdy enough to hold heavy purchases or books.At any time, you can roll up this bag and stuff it in your pocket and avoid another plastic bag from the supermarket.<\/p>\n<p>&nbsp;<\/p>\n<pre class=\"tw-data-text tw-text-large tw-ta\" dir=\"ltr\" data-placeholder=\"T\u0142umaczenie\"><span class=\"Y2IQFc\" lang=\"en\">It took me 1h and 20minutes to made this product.\r\n\r\n<\/span><\/pre>\n<p>This product is made from upcycled material. Therefore, it may have some minor imperfections that do not significantly affect the quality of the product.<\/p>\n<pre class=\"tw-data-text tw-text-large tw-ta\" dir=\"ltr\" data-placeholder=\"T\u0142umaczenie\"><span class=\"Y2IQFc\" lang=\"en\">Our products are one-of-a-kind in limited quantities or sometimes in one piece only. \r\nPlease also remember that we provide a FREE REPAIR SERVICE for all our products, so you can enjoy it as long as possible.<\/span><\/pre>\n<p>&nbsp;<\/p>\n<pre id=\"tw-target-text\" class=\"tw-data-text tw-text-large tw-ta\" dir=\"ltr\" data-placeholder=\"T\u0142umaczenie\"><span class=\"Y2IQFc\" lang=\"en\">\u00a0<\/span><\/pre>\n<\/div>\n<div id=\"tw-target-rmn-container\" class=\"tw-target-rmn tw-ta-container F0azHf tw-nfl\">\n<pre id=\"tw-target-rmn\" class=\"tw-data-placeholder tw-text-small tw-ta\" dir=\"ltr\" data-placeholder=\"\"><\/pre>\n<\/div>","protected":false},"featured_media":4631,"template":"","meta":[],"product_brand":[],"product_cat":[109],"product_tag":[228,107,221,224,225,226,223,227,222],"class_list":{"0":"post-4109","1":"product","2":"type-product","3":"status-publish","4":"has-post-thumbnail","6":"product_cat-accessories","7":"product_tag-ecofriendy-tote-bag","8":"product_tag-laconie-accessories","9":"product_tag-laconie-tote-bag","10":"product_tag-multicoloured-tote-bag","11":"product_tag-pastel-stripes","12":"product_tag-striped-tote-bag","13":"product_tag-upcycled-tote-bag","14":"product_tag-upcycled-tote-bag-with-print","15":"product_tag-upcycling-accessories","17":"first","18":"instock","19":"sold-individually","20":"taxable","21":"shipping-taxable","22":"purchasable","23":"product-type-simple"},"_links":{"self":[{"href":"https:\/\/laconiebrand.com\/pl\/wp-json\/wp\/v2\/product\/4109","targetHints":{"allow":["GET"]}}],"collection":[{"href":"https:\/\/laconiebrand.com\/pl\/wp-json\/wp\/v2\/product"}],"about":[{"href":"https:\/\/laconiebrand.com\/pl\/wp-json\/wp\/v2\/types\/product"}],"wp:featuredmedia":[{"embeddable":true,"href":"https:\/\/laconiebrand.com\/pl\/wp-json\/wp\/v2\/media\/4631"}],"wp:attachment":[{"href":"https:\/\/laconiebrand.com\/pl\/wp-json\/wp\/v2\/media?parent=4109"}],"wp:term":[{"taxonomy":"product_brand","embeddable":true,"href":"https:\/\/laconiebrand.com\/pl\/wp-json\/wp\/v2\/product_brand?post=4109"},{"taxonomy":"product_cat","embeddable":true,"href":"https:\/\/laconiebrand.com\/pl\/wp-json\/wp\/v2\/product_cat?post=4109"},{"taxonomy":"product_tag","embeddable":true,"href":"https:\/\/laconiebrand.com\/pl\/wp-json\/wp\/v2\/product_tag?post=4109"}],"curies":[{"name":"wp","href":"https:\/\/api.w.org\/{rel}","templated":true}]}}