{"id":4159,"date":"2020-09-24T16:27:18","date_gmt":"2020-09-24T16:27:18","guid":{"rendered":"https:\/\/laconiebrand.com\/?post_type=product&#038;p=4159"},"modified":"2024-04-01T14:19:23","modified_gmt":"2024-04-01T14:19:23","slug":"unisex-upcycled-crossbody-bag-acid-cow","status":"publish","type":"product","link":"https:\/\/laconiebrand.com\/pl\/produkt\/unisex-upcycled-crossbody-bag-acid-cow\/","title":{"rendered":"Acid Cow UNISEX Upcycled Crossbody Bag"},"content":{"rendered":"<div class=\"vc_row wpb_row vc_row-fluid qodef-content-aligment-left\" ><div class=\"wpb_column vc_column_container vc_col-sm-6 vc_col-lg-offset-5\"><div class=\"vc_column-inner\"><div class=\"wpb_wrapper\"><div class=\"vc_empty_space\"   style=\"height: 32px\"><span class=\"vc_empty_space_inner\"><\/span><\/div>\n\t<div class=\"wpb_text_column wpb_content_element\" >\n\t\t<div class=\"wpb_wrapper\">\n\t\t\t<pre id=\"tw-target-text\" class=\"tw-data-text tw-text-large tw-ta\" dir=\"ltr\" data-placeholder=\"T\u0142umaczenie\"><span class=\"Y2IQFc\" lang=\"en\">WYMIARY ONE SIZE:\nD\u0142ugo\u015b\u0107 (cm) 19\n\nSzeroko\u015b\u0107 (cm) 23\n\nG\u0142\u0119boko\u015b\u0107 (cm) 6\n\n\nG\u0142\u00f3wny materia\u0142: 100% bawe\u0142na\n\nPodszewka: 100% Bawe\u0142na\n\nSpos\u00f3b prania:<\/span><\/pre>\n\n\t\t<\/div>\n\t<\/div>\n<div class=\"vc_empty_space\"   style=\"height: 16px\"><span class=\"vc_empty_space_inner\"><\/span><\/div>\n\t<div  class=\"wpb_single_image wpb_content_element vc_align_left\">\n\t\t\n\t\t<figure class=\"wpb_wrapper vc_figure\">\n\t\t\t<div class=\"vc_single_image-wrapper   vc_box_border_grey\"><img loading=\"lazy\" decoding=\"async\" class=\"vc_single_image-img\" src=\"https:\/\/laconiebrand.com\/wp-content\/uploads\/2019\/11\/cotton-202x32.jpg\" width=\"202\" height=\"32\" alt=\"cotton\" title=\"cotton\" \/><\/div>\n\t\t<\/figure>\n\t<\/div>\n<div class=\"vc_empty_space\"   style=\"height: 32px\"><span class=\"vc_empty_space_inner\"><\/span><\/div><\/div><\/div><\/div><\/div>","protected":false},"excerpt":{"rendered":"<div id=\"tw-target-text-container\" class=\"tw-ta-container F0azHf tw-nfl\" tabindex=\"0\">\n<p><em><span class=\"Y2IQFc\" lang=\"en\">Hiya! My name is Acid Cow and I&#8217;m upcycled crossbody bag!<\/span><\/em><\/p>\n<p><span class=\"Y2IQFc\" lang=\"en\">This is unisex item, This is cotton corduroy crossbody bag with lining. Two spacious compartments closed with zippers. Reflective tapes, length adjuster and three buckles.The corduroy fabric has been acid-leaved, creating an original print that resembles a cow, which is why the name is Acid Cow.<\/span><\/p>\n<p><span class=\"Y2IQFc\" lang=\"en\">Main fabric and lining are from reclaimed vintage materials. Lining is pre-lovled cotton scratch. We&#8217;ve got it from our grandma- she used to sew clothes, and she was keeping leftovers- to use is in a feature;) Fabrics are from early 70&#8217;s. Main fabric- cotton curduroy is a reworked vintage deadstock.We create our own orginal print using acid techniques to achive cow patches effect.<br \/>\n<\/span><\/p>\n<p>Unisex crossbody bag has multiple variation of wearing. You can wear in on hips, on back, on a front of your chest or on arm. It will fit all your essencials inside.<\/p>\n<p>All splendid stuff in our crossbody bag:<\/p>\n<ul>\n<li><span class=\"Y2IQFc\" lang=\"en\">upcycled cueduroy<br \/>\n<\/span><\/li>\n<li>handmade<\/li>\n<li><span class=\"Y2IQFc\" lang=\"en\"><span class=\"Y2IQFc\" lang=\"en\">original hand-made print <\/span><\/span><span class=\"Y2IQFc\" lang=\"en\">resembling cow patches<\/span><\/li>\n<li><span class=\"Y2IQFc\" lang=\"en\">2 spacious compartments closed with zippers<\/span><\/li>\n<li>reflective tapes<\/li>\n<li><span class=\"Y2IQFc\" lang=\"en\">length adjuster <\/span><\/li>\n<li><span class=\"Y2IQFc\" lang=\"en\">three buckles<\/span><\/li>\n<li>unisex<\/li>\n<li>durable and comportable<\/li>\n<\/ul>\n<div id=\"tw-target-text-container\" class=\"tw-ta-container F0azHf tw-nfl\" tabindex=\"0\">\n<p>Only 3 pieces left!<\/p>\n<\/div>\n<div id=\"tw-target-rmn-container\" class=\"tw-target-rmn tw-ta-container F0azHf tw-nfl\">\n<p>This crossbody bag is made from upcycled material. Therefore, it may have some minor imperfections that do not significantly affect the quality of the product.<\/p>\n<pre id=\"tw-target-rmn\" class=\"tw-data-placeholder tw-text-small tw-ta\" dir=\"ltr\" data-placeholder=\"\">Our products are one-of-a-kind in limited quantities or sometimes in one piece only. \r\n\r\nPlease also remember that we provide a FREE REPAIR SERVICE for all our products, so you can enjoy it as long as possible.<\/pre>\n<\/div>\n<pre id=\"tw-target-text\" class=\"tw-data-text tw-text-large tw-ta\" dir=\"ltr\" data-placeholder=\"T\u0142umaczenie\"><span class=\"Y2IQFc\" lang=\"en\">\u00a0<\/span><\/pre>\n<\/div>\n<div id=\"tw-target-rmn-container\" class=\"tw-target-rmn tw-ta-container F0azHf tw-nfl\">\n<pre id=\"tw-target-rmn\" class=\"tw-data-placeholder tw-text-small tw-ta\" dir=\"ltr\" data-placeholder=\"\"><\/pre>\n<\/div>\n<p>&nbsp;<\/p>","protected":false},"featured_media":4892,"template":"","meta":[],"product_brand":[],"product_cat":[109],"product_tag":[],"class_list":{"0":"post-4159","1":"product","2":"type-product","3":"status-publish","4":"has-post-thumbnail","6":"product_cat-accessories","8":"first","9":"instock","10":"sold-individually","11":"taxable","12":"shipping-taxable","13":"purchasable","14":"product-type-simple"},"_links":{"self":[{"href":"https:\/\/laconiebrand.com\/pl\/wp-json\/wp\/v2\/product\/4159","targetHints":{"allow":["GET"]}}],"collection":[{"href":"https:\/\/laconiebrand.com\/pl\/wp-json\/wp\/v2\/product"}],"about":[{"href":"https:\/\/laconiebrand.com\/pl\/wp-json\/wp\/v2\/types\/product"}],"wp:featuredmedia":[{"embeddable":true,"href":"https:\/\/laconiebrand.com\/pl\/wp-json\/wp\/v2\/media\/4892"}],"wp:attachment":[{"href":"https:\/\/laconiebrand.com\/pl\/wp-json\/wp\/v2\/media?parent=4159"}],"wp:term":[{"taxonomy":"product_brand","embeddable":true,"href":"https:\/\/laconiebrand.com\/pl\/wp-json\/wp\/v2\/product_brand?post=4159"},{"taxonomy":"product_cat","embeddable":true,"href":"https:\/\/laconiebrand.com\/pl\/wp-json\/wp\/v2\/product_cat?post=4159"},{"taxonomy":"product_tag","embeddable":true,"href":"https:\/\/laconiebrand.com\/pl\/wp-json\/wp\/v2\/product_tag?post=4159"}],"curies":[{"name":"wp","href":"https:\/\/api.w.org\/{rel}","templated":true}]}}