{"id":4173,"date":"2020-09-25T17:12:02","date_gmt":"2020-09-25T17:12:02","guid":{"rendered":"https:\/\/laconiebrand.com\/?post_type=product&#038;p=4173"},"modified":"2024-04-01T12:43:26","modified_gmt":"2024-04-01T12:43:26","slug":"oxford-blue-unisex-upcycled-t-shirt","status":"publish","type":"product","link":"https:\/\/laconiebrand.com\/pl\/produkt\/oxford-blue-unisex-upcycled-t-shirt\/","title":{"rendered":"Oxford Blue UNISEX Upcycled T-shirt"},"content":{"rendered":"<div id=\"tw-target-text-container\" class=\"tw-ta-container F0azHf tw-nfl\" tabindex=\"0\">\n<pre id=\"tw-target-text\" class=\"tw-data-text tw-text-large tw-ta\" dir=\"ltr\" data-placeholder=\"T\u0142umaczenie\"><span class=\"Y2IQFc\" lang=\"en\">WYMIARY ONE SIZE (OVERSIZED):\nD\u0142ugo\u015b\u0107 przodu (cm) 72\nD\u0142ugo\u015b\u0107 ty\u0142u (cm) 80\nSzeroko\u015b\u0107 w pasie (cm) 68\nSzeroko\u015b\u0107 w klatce piersiowej (cm) 68\nSzeroko\u015b\u0107 w biodrach (cm) 68\nD\u0142ugo\u015b\u0107 r\u0119kawa (cm) 21,5\n \nTkanina w krat\u0119: 100% Bawe\u0142na\nTkanina melange'owa: 100% Bawe\u0142na\nDzianina: 100% Bawe\u0142na\n \nPrzepis prania:<\/span><\/pre>\n<\/div>\n<div id=\"tw-target-rmn-container\" class=\"tw-target-rmn tw-ta-container F0azHf tw-nfl\">\n<pre id=\"tw-target-rmn\" class=\"tw-data-placeholder tw-text-small tw-ta\" dir=\"ltr\" data-placeholder=\"\"><\/pre>\n<\/div>\n<p>&nbsp;<\/p>\n<p><a href=\"https:\/\/laconiebrand.com\/wp-content\/uploads\/2019\/11\/cotton.jpg\"><img loading=\"lazy\" decoding=\"async\" class=\"alignnone size-medium wp-image-3881\" src=\"https:\/\/laconiebrand.com\/wp-content\/uploads\/2019\/11\/cotton-300x49.jpg\" alt=\"\" width=\"300\" height=\"49\" srcset=\"https:\/\/laconiebrand.com\/wp-content\/uploads\/2019\/11\/cotton-300x49.jpg 300w, https:\/\/laconiebrand.com\/wp-content\/uploads\/2019\/11\/cotton.jpg 395w\" sizes=\"auto, (max-width: 300px) 100vw, 300px\" \/><\/a><\/p>","protected":false},"excerpt":{"rendered":"<p>I am handcrafted and upcycled t-shirt!<\/p>\n<p><strong>\u00a0<\/strong><\/p>\n<p>T-shirt made of combined materials. Plaid cotton fabric on the front and on one sleeve, melange fabric on the back and on the other sleeve. Jersey graphite material on a top. This T-shirt has longer back and small split on sides. Casual UNISEX cut and oversized fit. Drop shoulders.<\/p>\n<p>&nbsp;<\/p>\n<p>I used to be a tablecloths!<\/p>\n<p>All materials used to create this T-shirt come from upcycling. Jersey comes from deadstock.<\/p>\n<p>I found those fabrics in a charity shop as a 2 pieces of kitchen tablecloths. One in check design, the other one in melange with some ugly polyester lace on edges. I like combination of different fabrics on one design- it\u2019s like making collage! I gave a new quality to these materials in the form of a universal genderless t-shirt.<\/p>\n<p>It took me 2h to made this product.<\/p>\n<p>&nbsp;<\/p>\n<p>This product is made from upcycled material. Therefore, it may have some minor imperfections that do not significantly affect the quality of the product.<\/p>\n<p>&nbsp;<\/p>\n<p>Our products are one-of-a-kind in limited quantities or sometimes in one piece only.<\/p>\n<p>Please also remember that we provide a FREE REPAIR SERVICE for all our products, so you can enjoy it as long as possible.<\/p>","protected":false},"featured_media":4737,"template":"","meta":[],"product_brand":[],"product_cat":[128],"product_tag":[129,229,231,230,137,211],"class_list":{"0":"post-4173","1":"product","2":"type-product","3":"status-publish","4":"has-post-thumbnail","6":"product_cat-t-shirt","7":"product_tag-laconie-t-shirt","8":"product_tag-mixed-materials-t-shirt","9":"product_tag-t-shirt-with-pocket","10":"product_tag-unisex-t-shirt","11":"product_tag-upcycled-clothes","12":"product_tag-upcycled-t-shirt","14":"first","15":"outofstock","16":"sold-individually","17":"taxable","18":"shipping-taxable","19":"purchasable","20":"product-type-simple"},"_links":{"self":[{"href":"https:\/\/laconiebrand.com\/pl\/wp-json\/wp\/v2\/product\/4173","targetHints":{"allow":["GET"]}}],"collection":[{"href":"https:\/\/laconiebrand.com\/pl\/wp-json\/wp\/v2\/product"}],"about":[{"href":"https:\/\/laconiebrand.com\/pl\/wp-json\/wp\/v2\/types\/product"}],"wp:featuredmedia":[{"embeddable":true,"href":"https:\/\/laconiebrand.com\/pl\/wp-json\/wp\/v2\/media\/4737"}],"wp:attachment":[{"href":"https:\/\/laconiebrand.com\/pl\/wp-json\/wp\/v2\/media?parent=4173"}],"wp:term":[{"taxonomy":"product_brand","embeddable":true,"href":"https:\/\/laconiebrand.com\/pl\/wp-json\/wp\/v2\/product_brand?post=4173"},{"taxonomy":"product_cat","embeddable":true,"href":"https:\/\/laconiebrand.com\/pl\/wp-json\/wp\/v2\/product_cat?post=4173"},{"taxonomy":"product_tag","embeddable":true,"href":"https:\/\/laconiebrand.com\/pl\/wp-json\/wp\/v2\/product_tag?post=4173"}],"curies":[{"name":"wp","href":"https:\/\/api.w.org\/{rel}","templated":true}]}}