{"id":4178,"date":"2020-09-25T17:40:15","date_gmt":"2020-09-25T17:40:15","guid":{"rendered":"https:\/\/laconiebrand.com\/?post_type=product&#038;p=4178"},"modified":"2025-01-21T08:03:35","modified_gmt":"2025-01-21T08:03:35","slug":"budleia-upcycled-t-shirt-abstract-print","status":"publish","type":"product","link":"https:\/\/laconiebrand.com\/pl\/produkt\/budleia-upcycled-t-shirt-abstract-print\/","title":{"rendered":"Budleia Upcycled T-shirt with Abstract Print"},"content":{"rendered":"<p>pcycled<\/p>\n<pre id=\"tw-target-text\" class=\"tw-data-text tw-text-large tw-ta\" dir=\"ltr\" data-placeholder=\"T\u0142umaczenie\"><span class=\"Y2IQFc\" lang=\"en\">WYMIARY ONE SIZE (OVERSIZE):\nD\u0142ugo\u015b\u0107 (cm) 68\nSzeroko\u015b\u0107 w pasie (cm) 63\nSzeroko\u015b\u0107 klatki piersiowej (cm) 63\nSzeroko\u015b\u0107 w biodrach (cm) 63\nD\u0142ugo\u015b\u0107 r\u0119kawa (cm) 24,5\n\n100% bawe\u0142na\n\nSpos\u00f3b na pranie:<\/span><\/pre>\n<p><a href=\"https:\/\/laconiebrand.com\/wp-content\/uploads\/2019\/11\/cotton.jpg\"><img loading=\"lazy\" decoding=\"async\" class=\"alignnone size-medium wp-image-3881\" src=\"https:\/\/laconiebrand.com\/wp-content\/uploads\/2019\/11\/cotton-300x49.jpg\" alt=\"\" width=\"300\" height=\"49\" srcset=\"https:\/\/laconiebrand.com\/wp-content\/uploads\/2019\/11\/cotton-300x49.jpg 300w, https:\/\/laconiebrand.com\/wp-content\/uploads\/2019\/11\/cotton.jpg 395w\" sizes=\"auto, (max-width: 300px) 100vw, 300px\" \/><\/a><\/p>","protected":false},"excerpt":{"rendered":"<div id=\"tw-target-text-container\" class=\"tw-ta-container F0azHf tw-nfl\" tabindex=\"0\">\n<p>Hi, my name is Budleia! I am handmade and upcycled t-shirt!<\/p>\n<pre class=\"tw-data-text tw-text-large tw-ta\" dir=\"ltr\" data-placeholder=\"T\u0142umaczenie\"><span class=\"Y2IQFc\" lang=\"en\">Oversized cotton jersey T-shirt. Dropped shoulder line. Black cotton round string in the tunnel allows you to regulate width and length of the shirt. Metal eyelets in gun metal colour. \r\nDrop shoulders, crew neck, wide sleeves. Baggy loose fit. Abstract allover print in purple colours with black spots. <\/span><\/pre>\n<p>This jersey was a pair of window curtains (I know, jersey curtain idea it\u2019s suprising for me as well). Material is slighty slip and nicely chilled. It is nice and dignified on the body. Tie-up concept it\u2019s for me great solution when I\u2019m so limited making one size clothes only. I think it\u2019s nice detail which gives to this simple T-shirt unique twist.<\/p>\n<pre class=\"tw-data-text tw-text-large tw-ta\" dir=\"ltr\" data-placeholder=\"T\u0142umaczenie\"><span class=\"Y2IQFc\" lang=\"en\">\u00a0It took me 1h and 20minutes to made this product.<\/span><\/pre>\n<p>&nbsp;<\/p>\n<p>This product is made from upcycled material. Therefore, it may have some minor imperfections that do not significantly affect the quality of the product.<\/p>\n<pre class=\"tw-data-text tw-text-large tw-ta\" dir=\"ltr\" data-placeholder=\"T\u0142umaczenie\"><span class=\"Y2IQFc\" lang=\"en\">Our products are one-of-a-kind in limited quantities or sometimes in one piece only. \r\nPlease also remember that we provide a FREE REPAIR SERVICE for all our products, so you can enjoy it as long as possible.<\/span><\/pre>\n<p><strong>\u00a0<\/strong><\/p>\n<pre id=\"tw-target-text\" class=\"tw-data-text tw-text-large tw-ta\" dir=\"ltr\" data-placeholder=\"T\u0142umaczenie\"><\/pre>\n<\/div>\n<div id=\"tw-target-rmn-container\" class=\"tw-target-rmn tw-ta-container F0azHf tw-nfl\">\n<pre id=\"tw-target-rmn\" class=\"tw-data-placeholder tw-text-small tw-ta\" dir=\"ltr\" data-placeholder=\"\"><\/pre>\n<\/div>","protected":false},"featured_media":4636,"template":"","meta":[],"product_brand":[],"product_cat":[128],"product_tag":[241,239,240,164,129,242,243,137,211],"class_list":{"0":"post-4178","1":"product","2":"type-product","3":"status-publish","4":"has-post-thumbnail","6":"product_cat-t-shirt","7":"product_tag-allover-print-t-shirt","8":"product_tag-baggy-t-shirt","9":"product_tag-boxy-t-shirt","10":"product_tag-ecofriendly-clothes","11":"product_tag-laconie-t-shirt","12":"product_tag-purple-printed-t-shirt","13":"product_tag-unique-t-shirt","14":"product_tag-upcycled-clothes","15":"product_tag-upcycled-t-shirt","17":"first","18":"instock","19":"taxable","20":"shipping-taxable","21":"purchasable","22":"product-type-simple"},"_links":{"self":[{"href":"https:\/\/laconiebrand.com\/pl\/wp-json\/wp\/v2\/product\/4178","targetHints":{"allow":["GET"]}}],"collection":[{"href":"https:\/\/laconiebrand.com\/pl\/wp-json\/wp\/v2\/product"}],"about":[{"href":"https:\/\/laconiebrand.com\/pl\/wp-json\/wp\/v2\/types\/product"}],"wp:featuredmedia":[{"embeddable":true,"href":"https:\/\/laconiebrand.com\/pl\/wp-json\/wp\/v2\/media\/4636"}],"wp:attachment":[{"href":"https:\/\/laconiebrand.com\/pl\/wp-json\/wp\/v2\/media?parent=4178"}],"wp:term":[{"taxonomy":"product_brand","embeddable":true,"href":"https:\/\/laconiebrand.com\/pl\/wp-json\/wp\/v2\/product_brand?post=4178"},{"taxonomy":"product_cat","embeddable":true,"href":"https:\/\/laconiebrand.com\/pl\/wp-json\/wp\/v2\/product_cat?post=4178"},{"taxonomy":"product_tag","embeddable":true,"href":"https:\/\/laconiebrand.com\/pl\/wp-json\/wp\/v2\/product_tag?post=4178"}],"curies":[{"name":"wp","href":"https:\/\/api.w.org\/{rel}","templated":true}]}}