{"id":4182,"date":"2020-09-25T17:52:09","date_gmt":"2020-09-25T17:52:09","guid":{"rendered":"https:\/\/laconiebrand.com\/?post_type=product&#038;p=4182"},"modified":"2024-04-01T14:12:22","modified_gmt":"2024-04-01T14:12:22","slug":"clean-water-unisex-upcycled-shirt","status":"publish","type":"product","link":"https:\/\/laconiebrand.com\/pl\/produkt\/clean-water-unisex-upcycled-shirt\/","title":{"rendered":"Clean Water UNISEX Upcycled Shirt"},"content":{"rendered":"<div id=\"tw-target-text-container\" class=\"tw-ta-container F0azHf tw-nfl\" tabindex=\"0\">\n<pre id=\"tw-target-text\" class=\"tw-data-text tw-text-large tw-ta\" dir=\"ltr\" data-placeholder=\"T\u0142umaczenie\"><span class=\"Y2IQFc\" lang=\"en\">WYMIARY ONE SIZE (OVERSIZE):\n\nD\u0142ugo\u015b\u0107 przodu (cm) 70\nD\u0142ugo\u015b\u0107 plec\u00f3w (cm) 73\nSzeroko\u015b\u0107 w talii (cm) 68\nSzeroko\u015b\u0107 klatki piersiowej (cm) 68\nSzeroko\u015b\u0107 w biodrach (cm) 68\nD\u0142ugo\u015b\u0107 r\u0119kawa (cm) 37\n\nG\u0142\u00f3wny materia\u0142: 50% bawe\u0142na 50% poliester\n\nDrugi materia\u0142: 100% bawe\u0142na\n\nSpos\u00f3b prania:<\/span><\/pre>\n<\/div>\n<div id=\"tw-target-rmn-container\" class=\"tw-target-rmn tw-ta-container F0azHf tw-nfl\">\n<pre id=\"tw-target-rmn\" class=\"tw-data-placeholder tw-text-small tw-ta\" dir=\"ltr\" data-placeholder=\"\"><\/pre>\n<\/div>\n<p><a href=\"https:\/\/laconiebrand.com\/wp-content\/uploads\/2020\/09\/50-50.jpg\"><img loading=\"lazy\" decoding=\"async\" class=\"alignnone wp-image-4187\" src=\"https:\/\/laconiebrand.com\/wp-content\/uploads\/2020\/09\/50-50.jpg\" alt=\"\" width=\"149\" height=\"72\" \/><\/a><\/p>","protected":false},"excerpt":{"rendered":"<div id=\"tw-target-text-container\" class=\"tw-ta-container F0azHf tw-nfl\" tabindex=\"0\">\n<p><em>I am upcycled and unisex shirt!<br \/>\n<\/em><\/p>\n<p>This delightful handmade item is upcycled shirt is made from repurposed materials. 2 different fabrics are combined to create this minimalistic and unique design. This is unisex and genderless product. Metal snap fastening gives minimalistic and modern touch. Simple grandpa&#8217;s collar is contemporary solution to build genderless <span class=\"Y2IQFc\" lang=\"en\">silhouette. Sleeves with minimalistic finishing, Shirt is oversized in one size. Droped arms and boxy fit is comfy and modern. Back is bit longer then front.<\/span><\/p>\n<p>Both fabrics are from out-of-waste. Plain blue material used to be a single bedding covers, abstract print was a table cloth. Light and breathable quality and nice in touch fabrics. Magestic blue on main fabric is adorable, for all skin shades and brings calm and peaceful mind.<\/p>\n<p>Shirt is great base to build simplicity in your waredrobe. Easy to create different outfits with jeans, wide leg trousers or wear it as open layer on fitted top. Could be wear in more formal ways or easy-going situations.<\/p>\n<p>All splendid stuff in this item:<\/p>\n<ul>\n<li><span class=\"Y2IQFc\" lang=\"en\">upcycled<br \/>\n<\/span><\/li>\n<li><span class=\"Y2IQFc\" lang=\"en\">handmade<\/span><\/li>\n<li><span class=\"Y2IQFc\" lang=\"en\">sustainable<\/span><\/li>\n<li><span class=\"Y2IQFc\" lang=\"en\">UNISEX<br \/>\n<\/span><\/li>\n<li><span class=\"Y2IQFc\" lang=\"en\">fastened with metal snaps<\/span><\/li>\n<li><span class=\"Y2IQFc\" lang=\"en\">stand-up grandpa&#8217;s <\/span><span class=\"Y2IQFc\" lang=\"en\">collar<\/span><\/li>\n<li><span class=\"Y2IQFc\" lang=\"en\">combined fabrics<\/span><\/li>\n<li><span class=\"Y2IQFc\" lang=\"en\">3\/4 sleeve<\/span><\/li>\n<li><span class=\"Y2IQFc\" lang=\"en\">slightly longer back<\/span><\/li>\n<\/ul>\n<\/div>\n<div id=\"tw-target-rmn-container\" class=\"tw-target-rmn tw-ta-container F0azHf tw-nfl\">\n<p>As all our products, this has been sustainably and ethically made using zero-waste cutting techniques.<\/p>\n<p>A timeless design, made to be cherished.<\/p>\n<p>Our sustainable clothes are the perfect way to make a difference. Shop now and start feeling good about your fashion choices.<\/p>\n<p>&nbsp;<\/p>\n<p>This unisex shirt is made from upcycled material. Therefore, it may have some minor imperfections that do not significantly affect the quality of the product.<\/p>\n<p class=\"tw-data-text tw-text-large tw-ta\" dir=\"ltr\" data-placeholder=\"T\u0142umaczenie\"><span class=\"Y2IQFc\" lang=\"en\">Our products are one-of-a-kind in limited quantities or sometimes in one piece only. <\/span><\/p>\n<p class=\"tw-data-text tw-text-large tw-ta\" dir=\"ltr\" data-placeholder=\"T\u0142umaczenie\"><span class=\"Y2IQFc\" lang=\"en\">Please also remember that we provide a FREE REPAIR SERVICE for all our products, so you can enjoy it as long as possible.<\/span><\/p>\n<\/div>\n<div id=\"tw-target-rmn-container\" class=\"tw-target-rmn tw-ta-container F0azHf tw-nfl\">\n<p><a href=\"https:\/\/laconiebrand.com\/wp-content\/uploads\/2023\/07\/CLEAN-WATER-UNISEX-UPCYCLED-SHIRT-VIDEO-1080-X-1920.mov\">CLEAN WATER UNISEX UPCYCLED SHIRT VIDEO 1080 X 1920<\/a><\/p>\n<\/div>","protected":false},"featured_media":4891,"template":"","meta":[],"product_brand":[],"product_cat":[109],"product_tag":[306,302,301,303,255,304,307,305],"class_list":{"0":"post-4182","1":"product","2":"type-product","3":"status-publish","4":"has-post-thumbnail","6":"product_cat-accessories","7":"product_tag-handmade-unisex-shirt","8":"product_tag-sustainable-unisex-shirt","9":"product_tag-upcycld-unisex-shirt","10":"product_tag-upcycled-contemporary-shirt","11":"product_tag-upcycled-shirt","12":"product_tag-upcycled-shirt-combined-fabrics","13":"product_tag-upcycled-shirt-granpas-collar","14":"product_tag-upcycled-shirt-with-snaps","16":"first","17":"instock","18":"taxable","19":"shipping-taxable","20":"purchasable","21":"product-type-simple"},"_links":{"self":[{"href":"https:\/\/laconiebrand.com\/pl\/wp-json\/wp\/v2\/product\/4182","targetHints":{"allow":["GET"]}}],"collection":[{"href":"https:\/\/laconiebrand.com\/pl\/wp-json\/wp\/v2\/product"}],"about":[{"href":"https:\/\/laconiebrand.com\/pl\/wp-json\/wp\/v2\/types\/product"}],"wp:featuredmedia":[{"embeddable":true,"href":"https:\/\/laconiebrand.com\/pl\/wp-json\/wp\/v2\/media\/4891"}],"wp:attachment":[{"href":"https:\/\/laconiebrand.com\/pl\/wp-json\/wp\/v2\/media?parent=4182"}],"wp:term":[{"taxonomy":"product_brand","embeddable":true,"href":"https:\/\/laconiebrand.com\/pl\/wp-json\/wp\/v2\/product_brand?post=4182"},{"taxonomy":"product_cat","embeddable":true,"href":"https:\/\/laconiebrand.com\/pl\/wp-json\/wp\/v2\/product_cat?post=4182"},{"taxonomy":"product_tag","embeddable":true,"href":"https:\/\/laconiebrand.com\/pl\/wp-json\/wp\/v2\/product_tag?post=4182"}],"curies":[{"name":"wp","href":"https:\/\/api.w.org\/{rel}","templated":true}]}}