{"id":4194,"date":"2020-09-27T09:48:08","date_gmt":"2020-09-27T09:48:08","guid":{"rendered":"https:\/\/laconiebrand.com\/?post_type=product&#038;p=4194"},"modified":"2023-07-23T16:23:08","modified_gmt":"2023-07-23T16:23:08","slug":"deep-ocean-upcycled-skirt","status":"publish","type":"product","link":"https:\/\/laconiebrand.com\/pl\/produkt\/deep-ocean-upcycled-skirt\/","title":{"rendered":"Deep Ocean Upcycled Skirt"},"content":{"rendered":"<div id=\"tw-target-text-container\" class=\"tw-ta-container F0azHf tw-nfl\" tabindex=\"0\">\n<pre id=\"tw-target-text\" class=\"tw-data-text tw-text-large tw-ta\" dir=\"ltr\" data-placeholder=\"T\u0142umaczenie\"><span class=\"Y2IQFc\" lang=\"en\">WYMIARY ONE SIZE:\n\nD\u0142ugo\u015b\u0107 (cm) 80\nSzeroko\u015b\u0107 w talii (cm) 49\nSzeroko\u015b\u0107 w biodrach (cm) 56\n\n100% bawe\u0142na\n\nSpos\u00f3b na pranie:<\/span><\/pre>\n<\/div>\n<p><a href=\"https:\/\/laconiebrand.com\/wp-content\/uploads\/2019\/11\/cotton.jpg\"><img loading=\"lazy\" decoding=\"async\" class=\"alignnone size-medium wp-image-3881\" src=\"https:\/\/laconiebrand.com\/wp-content\/uploads\/2019\/11\/cotton-300x49.jpg\" alt=\"\" width=\"300\" height=\"49\" srcset=\"https:\/\/laconiebrand.com\/wp-content\/uploads\/2019\/11\/cotton-300x49.jpg 300w, https:\/\/laconiebrand.com\/wp-content\/uploads\/2019\/11\/cotton.jpg 395w\" sizes=\"auto, (max-width: 300px) 100vw, 300px\" \/><\/a><\/p>","protected":false},"excerpt":{"rendered":"<div id=\"tw-target-text-container\" class=\"tw-ta-container F0azHf tw-nfl\" tabindex=\"0\">\n<p>I am upcycled and handmade skirt!<\/p>\n<p>Blue slip midi upcycled skirt. Tunnel with metal eyelets and contrasting cotton white string allows you to regulate width of the waist. Pleated skirt with a tight split. Both sides of fabric are used.\u00a0 A lighter shade overlap by using the matt left side of the fabric. Deep Blue colour on right side is slip and darker.<\/p>\n<p>&nbsp;<\/p>\n<p>I was a window curtain in my previous life!<\/p>\n<p>Satin material was found in my nearest charity shop. This colour is so majestic and energetic. Dopamine dressing item with a feel-good power. Water \u2013main catchword on my moodboard for this capsule collection. This skirt is an essence: \u00a0slippery, changeable, slippery, cold and warm. Water can be calm and dynamic- the same like this dress.<\/p>\n<pre class=\"tw-data-text tw-text-large tw-ta\" dir=\"ltr\" data-placeholder=\"T\u0142umaczenie\"><span class=\"Y2IQFc\" lang=\"en\">It took me 2h and 20minutes to made this product.<\/span><\/pre>\n<p>&nbsp;<\/p>\n<p>This product is made from upcycled material. Therefore, it may have some minor imperfections that do not significantly affect the quality of the product.<\/p>\n<p class=\"tw-data-text tw-text-large tw-ta\" dir=\"ltr\" data-placeholder=\"T\u0142umaczenie\"><span class=\"Y2IQFc\" lang=\"en\">Our products are one-of-a-kind in limited quantities or sometimes in one piece only. <\/span><\/p>\n<p class=\"tw-data-text tw-text-large tw-ta\" dir=\"ltr\" data-placeholder=\"T\u0142umaczenie\"><span class=\"Y2IQFc\" lang=\"en\">Please also remember that we provide a FREE REPAIR SERVICE for all our products, so you can enjoy it as long as possible.<\/span><\/p>\n<p><strong>\u00a0<\/strong><\/p>\n<pre id=\"tw-target-text\" class=\"tw-data-text tw-text-large tw-ta\" dir=\"ltr\" data-placeholder=\"T\u0142umaczenie\"><span class=\"Y2IQFc\" lang=\"en\">\u00a0<\/span><\/pre>\n<\/div>\n<div id=\"tw-target-rmn-container\" class=\"tw-target-rmn tw-ta-container F0azHf tw-nfl\">\n<pre id=\"tw-target-rmn\" class=\"tw-data-placeholder tw-text-small tw-ta\" dir=\"ltr\" data-placeholder=\"\"><\/pre>\n<\/div>","protected":false},"featured_media":4653,"template":"","meta":[],"product_brand":[],"product_cat":[244],"product_tag":[251,164,250,247,253,245,249,252,246,248],"class_list":{"0":"post-4194","1":"product","2":"type-product","3":"status-publish","4":"has-post-thumbnail","6":"product_cat-skirt","7":"product_tag-ecofirendly-clothing","8":"product_tag-ecofriendly-clothes","9":"product_tag-midi-blue-skirt","10":"product_tag-midi-skirt-with-split","11":"product_tag-satin-blue-skirt","12":"product_tag-skirt-laconie","13":"product_tag-unique-skirt","14":"product_tag-upcycled-clothing-brand","15":"product_tag-upcycled-one-size-skirt","16":"product_tag-upcycled-skirt","18":"first","19":"instock","20":"taxable","21":"shipping-taxable","22":"purchasable","23":"product-type-simple"},"_links":{"self":[{"href":"https:\/\/laconiebrand.com\/pl\/wp-json\/wp\/v2\/product\/4194","targetHints":{"allow":["GET"]}}],"collection":[{"href":"https:\/\/laconiebrand.com\/pl\/wp-json\/wp\/v2\/product"}],"about":[{"href":"https:\/\/laconiebrand.com\/pl\/wp-json\/wp\/v2\/types\/product"}],"wp:featuredmedia":[{"embeddable":true,"href":"https:\/\/laconiebrand.com\/pl\/wp-json\/wp\/v2\/media\/4653"}],"wp:attachment":[{"href":"https:\/\/laconiebrand.com\/pl\/wp-json\/wp\/v2\/media?parent=4194"}],"wp:term":[{"taxonomy":"product_brand","embeddable":true,"href":"https:\/\/laconiebrand.com\/pl\/wp-json\/wp\/v2\/product_brand?post=4194"},{"taxonomy":"product_cat","embeddable":true,"href":"https:\/\/laconiebrand.com\/pl\/wp-json\/wp\/v2\/product_cat?post=4194"},{"taxonomy":"product_tag","embeddable":true,"href":"https:\/\/laconiebrand.com\/pl\/wp-json\/wp\/v2\/product_tag?post=4194"}],"curies":[{"name":"wp","href":"https:\/\/api.w.org\/{rel}","templated":true}]}}