{"id":4256,"date":"2021-03-30T12:17:22","date_gmt":"2021-03-30T12:17:22","guid":{"rendered":"https:\/\/laconiebrand.com\/?post_type=product&#038;p=4256"},"modified":"2024-04-01T14:08:24","modified_gmt":"2024-04-01T14:08:24","slug":"elderberry-upcycled-shirt-with-slogan","status":"publish","type":"product","link":"https:\/\/laconiebrand.com\/pl\/produkt\/elderberry-upcycled-shirt-with-slogan\/","title":{"rendered":"Elderberry Upcycled Shirt with Black Slogan"},"content":{"rendered":"<pre id=\"tw-target-text\" class=\"tw-data-text tw-text-large tw-ta\" dir=\"ltr\" data-placeholder=\"T\u0142umaczenie\"><span class=\"Y2IQFc\" lang=\"en\">WYMIARY ONE SIZE (OVERSIZE):\n\nD\u0142ugo\u015b\u0107 (cm) 71\nSzeroko\u015b\u0107 w pasie (cm) 61\nSzeroko\u015b\u0107 klatki piersiowej (cm) 61\nD\u0142ugo\u015b\u0107 r\u0119kawa (cm) 20\n\n100% bawe\u0142na\n\nSpos\u00f3b prania:<\/span><\/pre>\n<p><a href=\"https:\/\/laconiebrand.com\/wp-content\/uploads\/2020\/09\/50-50.jpg\"><img loading=\"lazy\" decoding=\"async\" class=\"alignnone size-full wp-image-4187\" src=\"https:\/\/laconiebrand.com\/wp-content\/uploads\/2020\/09\/50-50.jpg\" alt=\"\" width=\"286\" height=\"138\" \/><\/a><\/p>","protected":false},"excerpt":{"rendered":"<div id=\"tw-target-text-container\" class=\"tw-ta-container F0azHf tw-nfl\" tabindex=\"0\">\n<p><em>I am upcycled and handmade shirt!<\/em><\/p>\n<p>Boxy upcycled shirt with a spread collar. Short sleeves with rolled up cuffs. Orginal black flock print on the front with a slogan. Button placket. Black minimalistic buttons are hidden under the slat. Drop shoulders. Relaxed fit. Blurry violet colour.<\/p>\n<p>&nbsp;<\/p>\n<p>I used to be a bed sheet!<\/p>\n<p>Cotton fabric was found by me in second hand store. Lovely bright airy cotton. I design simple short sleeve shirt, but I woudn\u2019t be myself so I had to add something extra. Asymetrical slogan with ecofriendly message: EARTH\u00a0 HAS NO CHARGER. Minimalistic shape and details. Contasting black details are making this shirt modern. Print was made by mr. Piotr in Poland in his tiny local workshop.<\/p>\n<p>&nbsp;<\/p>\n<pre class=\"tw-data-text tw-text-large tw-ta\" dir=\"ltr\" data-placeholder=\"T\u0142umaczenie\"><span class=\"Y2IQFc\" lang=\"en\">It took me 3h 20minutes to made this product.<\/span><\/pre>\n<p>&nbsp;<\/p>\n<p>This product is made from upcycled material. Therefore, it may have some minor imperfections that do not significantly affect the quality of the product.<\/p>\n<pre class=\"tw-data-text tw-text-large tw-ta\" dir=\"ltr\" data-placeholder=\"T\u0142umaczenie\"><span class=\"Y2IQFc\" lang=\"en\">Our products are one-of-a-kind in limited quantities or sometimes in one piece only. \r\nPlease also remember that we provide a FREE REPAIR SERVICE for all our products, so you can enjoy it as long as possible.<\/span><\/pre>\n<p><strong>\u00a0<\/strong><\/p>\n<pre id=\"tw-target-text\" class=\"tw-data-text tw-text-large tw-ta\" dir=\"ltr\" data-placeholder=\"T\u0142umaczenie\"><span class=\"Y2IQFc\" lang=\"en\">\u00a0<\/span><\/pre>\n<\/div>\n<div id=\"tw-target-rmn-container\" class=\"tw-target-rmn tw-ta-container F0azHf tw-nfl\">\n<pre id=\"tw-target-rmn\" class=\"tw-data-placeholder tw-text-small tw-ta\" dir=\"ltr\" data-placeholder=\"\"><\/pre>\n<\/div>","protected":false},"featured_media":4660,"template":"","meta":[],"product_brand":[],"product_cat":[112],"product_tag":[123,261,258,254,259,257,260,262,252,255,256],"class_list":{"0":"post-4256","1":"product","2":"type-product","3":"status-publish","4":"has-post-thumbnail","6":"product_cat-shirt","7":"product_tag-boxy-shirt","8":"product_tag-orginal-clothes","9":"product_tag-oversized-shirt","10":"product_tag-shirt-laconie","11":"product_tag-shirt-with-print","12":"product_tag-short-sleeve-shirt","13":"product_tag-uniqie-shirt","14":"product_tag-unique-clothes","15":"product_tag-upcycled-clothing-brand","16":"product_tag-upcycled-shirt","17":"product_tag-violet-shirt","19":"first","20":"instock","21":"taxable","22":"shipping-taxable","23":"purchasable","24":"product-type-simple"},"_links":{"self":[{"href":"https:\/\/laconiebrand.com\/pl\/wp-json\/wp\/v2\/product\/4256","targetHints":{"allow":["GET"]}}],"collection":[{"href":"https:\/\/laconiebrand.com\/pl\/wp-json\/wp\/v2\/product"}],"about":[{"href":"https:\/\/laconiebrand.com\/pl\/wp-json\/wp\/v2\/types\/product"}],"wp:featuredmedia":[{"embeddable":true,"href":"https:\/\/laconiebrand.com\/pl\/wp-json\/wp\/v2\/media\/4660"}],"wp:attachment":[{"href":"https:\/\/laconiebrand.com\/pl\/wp-json\/wp\/v2\/media?parent=4256"}],"wp:term":[{"taxonomy":"product_brand","embeddable":true,"href":"https:\/\/laconiebrand.com\/pl\/wp-json\/wp\/v2\/product_brand?post=4256"},{"taxonomy":"product_cat","embeddable":true,"href":"https:\/\/laconiebrand.com\/pl\/wp-json\/wp\/v2\/product_cat?post=4256"},{"taxonomy":"product_tag","embeddable":true,"href":"https:\/\/laconiebrand.com\/pl\/wp-json\/wp\/v2\/product_tag?post=4256"}],"curies":[{"name":"wp","href":"https:\/\/api.w.org\/{rel}","templated":true}]}}