{"id":4284,"date":"2021-03-30T13:26:47","date_gmt":"2021-03-30T13:26:47","guid":{"rendered":"https:\/\/laconiebrand.com\/?post_type=product&#038;p=4284"},"modified":"2025-02-04T12:23:41","modified_gmt":"2025-02-04T12:23:41","slug":"poppy-upcycled-shirt-with-huge-collar","status":"publish","type":"product","link":"https:\/\/laconiebrand.com\/pl\/produkt\/poppy-upcycled-shirt-with-huge-collar\/","title":{"rendered":"Poppy Upcycled Shirt with Huge Collar"},"content":{"rendered":"<div class=\"oSioSc\">\n<div id=\"tw-target\">\n<div id=\"kAz1tf\" class=\"g9WsWb\">\n<div id=\"tw-target-text-container\" class=\"tw-ta-container F0azHf tw-nfl\" tabindex=\"0\">\n<pre id=\"tw-target-text\" class=\"tw-data-text tw-text-large tw-ta\" dir=\"ltr\" data-placeholder=\"T\u0142umaczenie\"><span class=\"Y2IQFc\" lang=\"en\">WYMIARY ONE SIZE (OVERSIZE):\n\nD\u0142ugo\u015b\u0107 (cm) 54\nSzeroko\u015b\u0107 w pasie (cm) 67\nSzeroko\u015b\u0107 klatki piersiowej (cm) 67\nD\u0142ugo\u015b\u0107 r\u0119kawa (cm) 42\n\n100% bawe\u0142na\n\nSpos\u00f3b prania:<\/span><\/pre>\n<\/div>\n<\/div>\n<\/div>\n<\/div>\n<p><a href=\"https:\/\/laconiebrand.com\/wp-content\/uploads\/2020\/09\/50-50.jpg\"><img loading=\"lazy\" decoding=\"async\" class=\"alignnone size-full wp-image-4187\" src=\"https:\/\/laconiebrand.com\/wp-content\/uploads\/2020\/09\/50-50.jpg\" alt=\"\" width=\"286\" height=\"138\" \/><\/a><\/p>","protected":false},"excerpt":{"rendered":"<div id=\"tw-target-text-container\" class=\"tw-ta-container F0azHf tw-nfl\" tabindex=\"0\">\n<p><em>I am upcycled shirt and I am handmade!<br \/>\n<\/em><\/p>\n<p>The design features a boxy fit that drapes effortlessly on any body type, offering a relaxed yet chic look. The shirt is adorned with a large, vintage-style collar that adds a touch of classic charm, while delicate, small ruffles at the edges provide a subtle, feminine finish.<\/p>\n<p>Whether you&#8217;re dressing up or keeping it casual, this shirt is your go-to for a statement look that\u2019s both cozy and fashion-forward. Embrace the beauty of sustainable fashion with a piece that\u2019s as unique as you are.\u00a0Button placket.\u00a0 Delicate texture of check in white, black and red. Oversized fit, long sleeves.\u00a0 Button cuffs. Drop shoulder.<\/p>\n<p>All fabrics are cotton and they are rewored duvet covers.<\/p>\n<p>This product is made from upcycled material. Therefore, it may have some minor imperfections that do not significantly affect the quality of the product.<\/p>\n<p class=\"tw-data-text tw-text-large tw-ta\" dir=\"ltr\" data-placeholder=\"T\u0142umaczenie\"><span class=\"Y2IQFc\" lang=\"en\">Our products are one-of-a-kind in limited quantities or sometimes in one piece only. \u00a0<\/span><\/p>\n<p class=\"tw-data-text tw-text-large tw-ta\" dir=\"ltr\" data-placeholder=\"T\u0142umaczenie\"><span class=\"Y2IQFc\" lang=\"en\">Please also remember that we provide a FREE REPAIR SERVICE for all our products, so you can enjoy it as long as possible.<\/span><\/p>\n<\/div>","protected":false},"featured_media":5207,"template":"","meta":[],"product_brand":[],"product_cat":[112],"product_tag":[270,264,123,266,267,117,258,269,265,137,255,268,263],"class_list":{"0":"post-4284","1":"product","2":"type-product","3":"status-publish","4":"has-post-thumbnail","6":"product_cat-shirt","7":"product_tag-aconie-upcycled-brand","8":"product_tag-big-colllar","9":"product_tag-boxy-shirt","10":"product_tag-check-shirt-with-big-collar","11":"product_tag-cute-shirt","12":"product_tag-laconie-shirt","13":"product_tag-oversized-shirt","14":"product_tag-sustainable-brand","15":"product_tag-sustainable-slothes","16":"product_tag-upcycled-clothes","17":"product_tag-upcycled-shirt","18":"product_tag-white-black-red-shirt","19":"product_tag-xxl-collar","21":"first","22":"instock","23":"taxable","24":"shipping-taxable","25":"purchasable","26":"product-type-variable"},"_links":{"self":[{"href":"https:\/\/laconiebrand.com\/pl\/wp-json\/wp\/v2\/product\/4284","targetHints":{"allow":["GET"]}}],"collection":[{"href":"https:\/\/laconiebrand.com\/pl\/wp-json\/wp\/v2\/product"}],"about":[{"href":"https:\/\/laconiebrand.com\/pl\/wp-json\/wp\/v2\/types\/product"}],"wp:featuredmedia":[{"embeddable":true,"href":"https:\/\/laconiebrand.com\/pl\/wp-json\/wp\/v2\/media\/5207"}],"wp:attachment":[{"href":"https:\/\/laconiebrand.com\/pl\/wp-json\/wp\/v2\/media?parent=4284"}],"wp:term":[{"taxonomy":"product_brand","embeddable":true,"href":"https:\/\/laconiebrand.com\/pl\/wp-json\/wp\/v2\/product_brand?post=4284"},{"taxonomy":"product_cat","embeddable":true,"href":"https:\/\/laconiebrand.com\/pl\/wp-json\/wp\/v2\/product_cat?post=4284"},{"taxonomy":"product_tag","embeddable":true,"href":"https:\/\/laconiebrand.com\/pl\/wp-json\/wp\/v2\/product_tag?post=4284"}],"curies":[{"name":"wp","href":"https:\/\/api.w.org\/{rel}","templated":true}]}}