{"id":4399,"date":"2021-08-31T06:50:36","date_gmt":"2021-08-31T06:50:36","guid":{"rendered":"https:\/\/laconiebrand.com\/?post_type=product&#038;p=4399"},"modified":"2024-04-01T14:02:28","modified_gmt":"2024-04-01T14:02:28","slug":"puff-vanilla-dress","status":"publish","type":"product","link":"https:\/\/laconiebrand.com\/pl\/produkt\/puff-vanilla-dress\/","title":{"rendered":"Sukienka Puff Vanilla"},"content":{"rendered":"<div class=\"vc_row wpb_row vc_row-fluid qodef-content-aligment-left\" ><div class=\"wpb_column vc_column_container vc_col-sm-6 vc_col-lg-offset-5\"><div class=\"vc_column-inner\"><div class=\"wpb_wrapper\"><div class=\"vc_empty_space\"   style=\"height: 32px\"><span class=\"vc_empty_space_inner\"><\/span><\/div>\n\t<div class=\"wpb_text_column wpb_content_element\" >\n\t\t<div class=\"wpb_wrapper\">\n\t\t\t<div id=\"tw-target-text-container\" class=\"tw-ta-container F0azHf tw-nfl\" tabindex=\"0\">\n<pre id=\"tw-target-text\" class=\"tw-data-text tw-text-large tw-ta\" dir=\"ltr\" data-placeholder=\"T\u0142umaczenie\"><span class=\"Y2IQFc\" lang=\"en\">WYMIARY ONE SIZE (OVERSIZE):\nD\u0142ugo\u015b\u0107 (cm) 113\nSzeroko\u015b\u0107 w biu\u015bcie (cm) 59\nSzeroko\u015b\u0107 w biodrach (cm) 72\nD\u0142ugo\u015b\u0107 r\u0119kawa (cm) 40,5\n\n100% bawe\u0142na\n\nSpos\u00f3b prania:<\/span><\/pre>\n<\/div>\n<div id=\"tw-target-rmn-container\" class=\"tw-target-rmn tw-ta-container F0azHf tw-nfl\">\n<pre id=\"tw-target-rmn\" class=\"tw-data-placeholder tw-text-small tw-ta\" dir=\"ltr\" data-placeholder=\"\"><\/pre>\n<\/div>\n\n\t\t<\/div>\n\t<\/div>\n<div class=\"vc_empty_space\"   style=\"height: 16px\"><span class=\"vc_empty_space_inner\"><\/span><\/div>\n\t<div  class=\"wpb_single_image wpb_content_element vc_align_left\">\n\t\t\n\t\t<figure class=\"wpb_wrapper vc_figure\">\n\t\t\t<div class=\"vc_single_image-wrapper   vc_box_border_grey\"><img loading=\"lazy\" decoding=\"async\" class=\"vc_single_image-img\" src=\"https:\/\/laconiebrand.com\/wp-content\/uploads\/2020\/09\/50-50-202x32.jpg\" width=\"202\" height=\"32\" alt=\"50 50\" title=\"50 50\" \/><\/div>\n\t\t<\/figure>\n\t<\/div>\n<div class=\"vc_empty_space\"   style=\"height: 32px\"><span class=\"vc_empty_space_inner\"><\/span><\/div><\/div><\/div><\/div><\/div>","protected":false},"excerpt":{"rendered":"<div id=\"tw-target-text-container\" class=\"tw-ta-container F0azHf tw-nfl\" tabindex=\"0\">\n<p>I am upcycled and handmade product!<\/p>\n<p>Baloon dress in midi length in beige and vanilla colour. Pockets hidden in the side seams. 3\/4 length puff sleeves. Wooden button fastening on the back. Crew neckline. \u00a0Ruffles on the front and back. The dress is over-seasond, it will work at any time of the year you want. Volumious oversized fit .It is a very pure and graceful product in a fresh colour. <span class=\"HwtZe\" lang=\"en\"><span class=\"jCAhz ChMk0b\"><span class=\"ryNqvb\">The hat is part of the set.<\/span><\/span> <span class=\"jCAhz ChMk0b\"><span class=\"ryNqvb\">It will be attached to the shipment.<\/span><\/span> <span class=\"jCAhz ChMk0b\"><span class=\"ryNqvb\">It was made from out of waste scratch.<\/span><\/span><\/span><\/p>\n<pre class=\"tw-data-text tw-text-large tw-ta\" dir=\"ltr\" data-placeholder=\"T\u0142umaczenie\"><span class=\"Y2IQFc\" lang=\"en\">I found this fabric in a second-hand store. Before it became a cute ruffled dress, it was a large bedspread. It was hanging in the dark corner with a pile of other unused scraps. \r\nI think this item is universal, despite of dramatic form. The color soothes and calms down, which is a great base for many incarnations of this product. \r\nWith heavy boots and a biker jacket, a boho jacquard kimono in some juicy colours and braided sandals or with a hoodie and sneakers. Multitasking gorgeous!\u00a0\r\n\r\nIt took me 5.5h to made this item for special tasks.\u00a0<\/span><\/pre>\n<p>&nbsp;<\/p>\n<p>This product is made from upcycled material. Therefore, it may have some minor imperfections that do not significantly affect the quality of the product.<\/p>\n<pre class=\"tw-data-text tw-text-large tw-ta\" dir=\"ltr\" data-placeholder=\"T\u0142umaczenie\"><span class=\"Y2IQFc\" lang=\"en\">Our products are one-of-a-kind in limited quantities or sometimes in one piece only. <\/span><\/pre>\n<p>Please also remember that we provide a FREE REPAIR SERVICE for all our products, so you can enjoy it as long as possible<\/p>\n<pre id=\"tw-target-text\" class=\"tw-data-text tw-text-large tw-ta\" dir=\"ltr\" data-placeholder=\"T\u0142umaczenie\"><span class=\"Y2IQFc\" lang=\"en\">\u00a0<\/span><\/pre>\n<\/div>\n<div id=\"tw-target-rmn-container\" class=\"tw-target-rmn tw-ta-container F0azHf tw-nfl\">\n<pre id=\"tw-target-rmn\" class=\"tw-data-placeholder tw-text-small tw-ta\" dir=\"ltr\" data-placeholder=\"\"><\/pre>\n<\/div>","protected":false},"featured_media":4706,"template":"","meta":[],"product_brand":[],"product_cat":[149],"product_tag":[186,187,185,181,143,183,139,184],"class_list":{"0":"post-4399","1":"product","2":"type-product","3":"status-publish","4":"has-post-thumbnail","6":"product_cat-dress","7":"product_tag-beige-dress","8":"product_tag-dress-with-pockets","9":"product_tag-handcrafted","10":"product_tag-limited-item","11":"product_tag-oversized-dress","12":"product_tag-special-dress","13":"product_tag-sustainable-clothes","14":"product_tag-upcycling-clothing","16":"first","17":"instock","18":"sold-individually","19":"taxable","20":"shipping-taxable","21":"purchasable","22":"product-type-simple"},"_links":{"self":[{"href":"https:\/\/laconiebrand.com\/pl\/wp-json\/wp\/v2\/product\/4399","targetHints":{"allow":["GET"]}}],"collection":[{"href":"https:\/\/laconiebrand.com\/pl\/wp-json\/wp\/v2\/product"}],"about":[{"href":"https:\/\/laconiebrand.com\/pl\/wp-json\/wp\/v2\/types\/product"}],"wp:featuredmedia":[{"embeddable":true,"href":"https:\/\/laconiebrand.com\/pl\/wp-json\/wp\/v2\/media\/4706"}],"wp:attachment":[{"href":"https:\/\/laconiebrand.com\/pl\/wp-json\/wp\/v2\/media?parent=4399"}],"wp:term":[{"taxonomy":"product_brand","embeddable":true,"href":"https:\/\/laconiebrand.com\/pl\/wp-json\/wp\/v2\/product_brand?post=4399"},{"taxonomy":"product_cat","embeddable":true,"href":"https:\/\/laconiebrand.com\/pl\/wp-json\/wp\/v2\/product_cat?post=4399"},{"taxonomy":"product_tag","embeddable":true,"href":"https:\/\/laconiebrand.com\/pl\/wp-json\/wp\/v2\/product_tag?post=4399"}],"curies":[{"name":"wp","href":"https:\/\/api.w.org\/{rel}","templated":true}]}}