{"id":4572,"date":"2022-09-20T09:47:32","date_gmt":"2022-09-20T09:47:32","guid":{"rendered":"https:\/\/laconiebrand.com\/?post_type=product&#038;p=4572"},"modified":"2023-07-23T16:40:16","modified_gmt":"2023-07-23T16:40:16","slug":"green-pea-dress-with-ruffles","status":"publish","type":"product","link":"https:\/\/laconiebrand.com\/pl\/produkt\/green-pea-dress-with-ruffles\/","title":{"rendered":"Sykienka Green Pea"},"content":{"rendered":"<div class=\"vc_row wpb_row vc_row-fluid qodef-content-aligment-left\" ><div class=\"wpb_column vc_column_container vc_col-sm-6 vc_col-lg-offset-5\"><div class=\"vc_column-inner\"><div class=\"wpb_wrapper\"><div class=\"vc_empty_space\"   style=\"height: 32px\"><span class=\"vc_empty_space_inner\"><\/span><\/div>\n\t<div class=\"wpb_text_column wpb_content_element\" >\n\t\t<div class=\"wpb_wrapper\">\n\t\t\t<pre id=\"tw-target-text\" class=\"tw-data-text tw-text-large tw-ta\" dir=\"ltr\" data-placeholder=\"T\u0142umaczenie\"><span class=\"Y2IQFc\" lang=\"en\">WYMIARY ONE SIZE (OVERSIZE)\nD\u0142ugo\u015b\u0107 (cm) 98\nBiust (cm) 48\nTalia (cm) 55\nSzeroko\u015b\u0107 w biodrach (cm) 97\n\n100% bawe\u0142na\n\nSpos\u00f3b prania:<\/span><\/pre>\n\n\t\t<\/div>\n\t<\/div>\n<div class=\"vc_empty_space\"   style=\"height: 16px\"><span class=\"vc_empty_space_inner\"><\/span><\/div>\n\t<div  class=\"wpb_single_image wpb_content_element vc_align_left\">\n\t\t\n\t\t<figure class=\"wpb_wrapper vc_figure\">\n\t\t\t<div class=\"vc_single_image-wrapper   vc_box_border_grey\"><img loading=\"lazy\" decoding=\"async\" class=\"vc_single_image-img\" src=\"https:\/\/laconiebrand.com\/wp-content\/uploads\/2020\/09\/50-50-202x32.jpg\" width=\"202\" height=\"32\" alt=\"50 50\" title=\"50 50\" \/><\/div>\n\t\t<\/figure>\n\t<\/div>\n<div class=\"vc_empty_space\"   style=\"height: 32px\"><span class=\"vc_empty_space_inner\"><\/span><\/div><\/div><\/div><\/div><\/div>","protected":false},"excerpt":{"rendered":"<p>I am upcycled and handcrafted product and I was made with lots of love!<\/p>\n<p>Sleeveless Gingham Check dress in white and green. The length of the dress reaches above the knee. The top of the dress is more fitted, the cut-off bottom is ruffled. Yoke on a front with tied-up neckline. Under the yoke is tiny and dinky frill. Vintage ruffles and a raw edge finish give it a rustic twist. Voluminous frills are like wings, so fly high in it!<\/p>\n<p>Upcycled cotton fabric was enough to make 2 unique pieces. My mom found this material. Before\u00a0 became a sweet dress, it was massive dusty and long-forgotten tablecloth. Now, after a re_fresh and re_novation, it has been given a second chance to return to circulation and is waiting for oohs! and wows!<\/p>\n<p>It took me 6:45h to made this adorable dress.<\/p>\n<p>&nbsp;<\/p>\n<p>This product is made from upcycled material. Therefore, it may have some minor imperfections that do not significantly affect the quality of the product.<\/p>\n<p>Our products are one-of-a-kind in limited quantities or sometimes in one piece only.<\/p>\n<p>Please also remember that we provide a FREE REPAIR SERVICE for all our products, so you can enjoy it as long as possible.<\/p>\n<p><strong>\u00a0<\/strong><\/p>","protected":false},"featured_media":4673,"template":"","meta":[],"product_brand":[],"product_cat":[149],"product_tag":[169,166,164,163,145,171,172,170,165,168,154,150,167],"class_list":{"0":"post-4572","1":"product","2":"type-product","3":"status-publish","4":"has-post-thumbnail","6":"product_cat-dress","7":"product_tag-checkered-dress","8":"product_tag-cute-dress","9":"product_tag-ecofriendly-clothes","10":"product_tag-handmade-dress","11":"product_tag-midi-dress","12":"product_tag-one-siize-dress","13":"product_tag-responsible-clothing","14":"product_tag-sleeveless-dress","15":"product_tag-sustainable-fashion","16":"product_tag-tided-up-dress","17":"product_tag-unique-dress","18":"product_tag-upcycled-dress","19":"product_tag-white-and-green-dress","21":"first","22":"instock","23":"sold-individually","24":"taxable","25":"shipping-taxable","26":"purchasable","27":"product-type-simple"},"_links":{"self":[{"href":"https:\/\/laconiebrand.com\/pl\/wp-json\/wp\/v2\/product\/4572","targetHints":{"allow":["GET"]}}],"collection":[{"href":"https:\/\/laconiebrand.com\/pl\/wp-json\/wp\/v2\/product"}],"about":[{"href":"https:\/\/laconiebrand.com\/pl\/wp-json\/wp\/v2\/types\/product"}],"wp:featuredmedia":[{"embeddable":true,"href":"https:\/\/laconiebrand.com\/pl\/wp-json\/wp\/v2\/media\/4673"}],"wp:attachment":[{"href":"https:\/\/laconiebrand.com\/pl\/wp-json\/wp\/v2\/media?parent=4572"}],"wp:term":[{"taxonomy":"product_brand","embeddable":true,"href":"https:\/\/laconiebrand.com\/pl\/wp-json\/wp\/v2\/product_brand?post=4572"},{"taxonomy":"product_cat","embeddable":true,"href":"https:\/\/laconiebrand.com\/pl\/wp-json\/wp\/v2\/product_cat?post=4572"},{"taxonomy":"product_tag","embeddable":true,"href":"https:\/\/laconiebrand.com\/pl\/wp-json\/wp\/v2\/product_tag?post=4572"}],"curies":[{"name":"wp","href":"https:\/\/api.w.org\/{rel}","templated":true}]}}