{"id":4573,"date":"2022-09-20T10:17:38","date_gmt":"2022-09-20T10:17:38","guid":{"rendered":"https:\/\/laconiebrand.com\/?post_type=product&#038;p=4573"},"modified":"2023-08-11T10:37:09","modified_gmt":"2023-08-11T10:37:09","slug":"cobalt-striped-upcycled-dress","status":"publish","type":"product","link":"https:\/\/laconiebrand.com\/pl\/produkt\/cobalt-striped-upcycled-dress\/","title":{"rendered":"Cobalt Striped Upcycled Dress"},"content":{"rendered":"<div class=\"vc_row wpb_row vc_row-fluid qodef-content-aligment-left\" ><div class=\"wpb_column vc_column_container vc_col-sm-6 vc_col-lg-offset-5\"><div class=\"vc_column-inner\"><div class=\"wpb_wrapper\"><div class=\"vc_empty_space\"   style=\"height: 32px\"><span class=\"vc_empty_space_inner\"><\/span><\/div>\n\t<div class=\"wpb_text_column wpb_content_element\" >\n\t\t<div class=\"wpb_wrapper\">\n\t\t\t<pre id=\"tw-target-text\" class=\"tw-data-text tw-text-large tw-ta\" dir=\"ltr\" data-placeholder=\"T\u0142umaczenie\"><span class=\"Y2IQFc\" lang=\"en\">WYMIARY ONE SIZE (OVERSIZE)\nD\u0142ugo\u015b\u0107 z przodu (cm) 87\nD\u0142ugo\u015b\u0107 z ty\u0142u (cm) 95\nBiust (cm) 54\nTalia (cm) 60\nSzeroko\u015b\u0107 w biodrach (cm) 68\nD\u0142ugo\u015b\u0107 r\u0119kawa (cm) 48\n\n100% bawe\u0142na\n\nSpos\u00f3b prania:<\/span><\/pre>\n\n\t\t<\/div>\n\t<\/div>\n<div class=\"vc_empty_space\"   style=\"height: 16px\"><span class=\"vc_empty_space_inner\"><\/span><\/div>\n\t<div  class=\"wpb_single_image wpb_content_element vc_align_left\">\n\t\t\n\t\t<figure class=\"wpb_wrapper vc_figure\">\n\t\t\t<div class=\"vc_single_image-wrapper   vc_box_border_grey\"><img loading=\"lazy\" decoding=\"async\" class=\"vc_single_image-img\" src=\"https:\/\/laconiebrand.com\/wp-content\/uploads\/2020\/09\/50-50-202x32.jpg\" width=\"202\" height=\"32\" alt=\"50 50\" title=\"50 50\" \/><\/div>\n\t\t<\/figure>\n\t<\/div>\n<div class=\"vc_empty_space\"   style=\"height: 32px\"><span class=\"vc_empty_space_inner\"><\/span><\/div><\/div><\/div><\/div><\/div>","protected":false},"excerpt":{"rendered":"<p>I am upcycled and handmade product!<\/p>\n<p>A-shape mini smock upcycled dress made of previously existing cotton fabric. Puff sleeves with creases and 3- different width pleats. V-shaped yoke with a crack and a tie on a front. With a tiny bow or a knot is even more cutesy. Keyhole neckline. Dramatic frill at the bottom. Slightly longer back. Diagonal and horizontal arrangement of the pattern. Energetic cobalt with deep blue striped pattern. This cute dress is a mixture of vintage and modern tailoring treatments. Together they create a new quality and eclectic mood.<\/p>\n<p>The fabric is from second hand. In a past life, that was a single duvet cover.. Probably, no one will notice, because it is a patterned fabric, but the construction of the sleeve in this model is quite complicated and laborious.This model of the dress is playful, sweet, but also urban. It is an all-season product.<\/p>\n<p>It took me 7h to made this special dress.<\/p>\n<p>&nbsp;<\/p>\n<p>This product is made from upcycled material. Therefore, it may have some minor imperfections that do not significantly affect the quality of the product.<\/p>\n<p>Our products are one-of-a-kind in limited quantities or sometimes in one piece only.<\/p>\n<p>Please also remember that we provide a FREE REPAIR SERVICE for all our products, so you can enjoy it as long as possible.<\/p>\n<p>&nbsp;<\/p>\n<p>&nbsp;<\/p>","protected":false},"featured_media":4642,"template":"","meta":[],"product_brand":[],"product_cat":[149],"product_tag":[158,163,157,156,161,160,287,162,154,150,159],"class_list":{"0":"post-4573","1":"product","2":"type-product","3":"status-publish","4":"has-post-thumbnail","6":"product_cat-dress","7":"product_tag-blue-smock-dress","8":"product_tag-handmade-dress","9":"product_tag-laconie-dress","10":"product_tag-laconie-smock-dress","11":"product_tag-one-size-dress","12":"product_tag-reused-clothes","13":"product_tag-striped-dress","14":"product_tag-tie-front-dress","15":"product_tag-unique-dress","16":"product_tag-upcycled-dress","17":"product_tag-voluminous-sleeves","19":"first","20":"instock","21":"sold-individually","22":"taxable","23":"shipping-taxable","24":"purchasable","25":"product-type-simple"},"_links":{"self":[{"href":"https:\/\/laconiebrand.com\/pl\/wp-json\/wp\/v2\/product\/4573","targetHints":{"allow":["GET"]}}],"collection":[{"href":"https:\/\/laconiebrand.com\/pl\/wp-json\/wp\/v2\/product"}],"about":[{"href":"https:\/\/laconiebrand.com\/pl\/wp-json\/wp\/v2\/types\/product"}],"wp:featuredmedia":[{"embeddable":true,"href":"https:\/\/laconiebrand.com\/pl\/wp-json\/wp\/v2\/media\/4642"}],"wp:attachment":[{"href":"https:\/\/laconiebrand.com\/pl\/wp-json\/wp\/v2\/media?parent=4573"}],"wp:term":[{"taxonomy":"product_brand","embeddable":true,"href":"https:\/\/laconiebrand.com\/pl\/wp-json\/wp\/v2\/product_brand?post=4573"},{"taxonomy":"product_cat","embeddable":true,"href":"https:\/\/laconiebrand.com\/pl\/wp-json\/wp\/v2\/product_cat?post=4573"},{"taxonomy":"product_tag","embeddable":true,"href":"https:\/\/laconiebrand.com\/pl\/wp-json\/wp\/v2\/product_tag?post=4573"}],"curies":[{"name":"wp","href":"https:\/\/api.w.org\/{rel}","templated":true}]}}