{"id":4574,"date":"2022-09-20T10:47:42","date_gmt":"2022-09-20T10:47:42","guid":{"rendered":"https:\/\/laconiebrand.com\/?post_type=product&#038;p=4574"},"modified":"2023-08-11T10:36:57","modified_gmt":"2023-08-11T10:36:57","slug":"cobalt-checkered-dress","status":"publish","type":"product","link":"https:\/\/laconiebrand.com\/pl\/produkt\/cobalt-checkered-dress\/","title":{"rendered":"Sukienka Kobaltowa w Krat\u0119"},"content":{"rendered":"<div class=\"vc_row wpb_row vc_row-fluid qodef-content-aligment-left\" ><div class=\"wpb_column vc_column_container vc_col-sm-6 vc_col-lg-offset-5\"><div class=\"vc_column-inner\"><div class=\"wpb_wrapper\"><div class=\"vc_empty_space\"   style=\"height: 32px\"><span class=\"vc_empty_space_inner\"><\/span><\/div>\n\t<div class=\"wpb_text_column wpb_content_element\" >\n\t\t<div class=\"wpb_wrapper\">\n\t\t\t<pre id=\"tw-target-text\" class=\"tw-data-text tw-text-large tw-ta\" dir=\"ltr\" data-placeholder=\"T\u0142umaczenie\"><span class=\"Y2IQFc\" lang=\"en\">WYMIARY ONE SIZE (OVERSIZE)\nD\u0142ugo\u015b\u0107 (cm) 103\nBiust (cm) 52\nTalia (cm) 60\nSzeroko\u015b\u0107 w biodrach (cm) 66\nD\u0142ugo\u015b\u0107 r\u0119kawa (cm) 50\n\n100% bawe\u0142na\n\nSpos\u00f3b prania:<\/span><\/pre>\n\n\t\t<\/div>\n\t<\/div>\n<div class=\"vc_empty_space\"   style=\"height: 16px\"><span class=\"vc_empty_space_inner\"><\/span><\/div>\n\t<div  class=\"wpb_single_image wpb_content_element vc_align_left\">\n\t\t\n\t\t<figure class=\"wpb_wrapper vc_figure\">\n\t\t\t<div class=\"vc_single_image-wrapper   vc_box_border_grey\"><img loading=\"lazy\" decoding=\"async\" class=\"vc_single_image-img\" src=\"https:\/\/laconiebrand.com\/wp-content\/uploads\/2020\/09\/50-50-202x32.jpg\" width=\"202\" height=\"32\" alt=\"50 50\" title=\"50 50\" \/><\/div>\n\t\t<\/figure>\n\t<\/div>\n<div class=\"vc_empty_space\"   style=\"height: 32px\"><span class=\"vc_empty_space_inner\"><\/span><\/div><\/div><\/div><\/div><\/div>","protected":false},"excerpt":{"rendered":"<p>I am made from deadstock and homecrafted product!<\/p>\n<p>&nbsp;<\/p>\n<p>Smock midi dress. Tie back. Voluminous 3\/4 sleeves. Frill at the bottom. Cut yoke on the front and back. Binding on the back. Balloon sleeves with ruffles and 3 pleats. Rustic vibe on modern type dress. Slightly gathered sleeves at the top of the shoulders.<\/p>\n<p>Made from pre-existing cotton fabric in an intense cobalt color with a massive check pattern in white and black. I found this fabric in charity shop. It used to be a duvet cover. I immediately fell in love with those intence magnetic colours and pattern. This cotton material got a new quality and chance to have 2<sup>nd<\/sup> happy life.<\/p>\n<p>It took me 7h to made this special dress.<\/p>\n<p>&nbsp;<\/p>\n<p>This product is made from upcycled material. Therefore, it may have some minor imperfections that do not significantly affect the quality of the product.<\/p>\n<p>Our products are one-of-a-kind in limited quantities or sometimes in one piece only.<\/p>\n<p>Please also remember that we provide a FREE REPAIR SERVICE for all our products, so you can enjoy it as long as possible.<\/p>","protected":false},"featured_media":4687,"template":"","meta":[],"product_brand":[],"product_cat":[149],"product_tag":[152,151,153,154,137,150,155],"class_list":{"0":"post-4574","1":"product","2":"type-product","3":"status-publish","4":"has-post-thumbnail","6":"product_cat-dress","7":"product_tag-a-line-dress","8":"product_tag-reuse-cotton-dress","9":"product_tag-reused-fabric","10":"product_tag-unique-dress","11":"product_tag-upcycled-clothes","12":"product_tag-upcycled-dress","13":"product_tag-vintage-fabric","15":"first","16":"instock","17":"sold-individually","18":"taxable","19":"shipping-taxable","20":"purchasable","21":"product-type-simple"},"_links":{"self":[{"href":"https:\/\/laconiebrand.com\/pl\/wp-json\/wp\/v2\/product\/4574","targetHints":{"allow":["GET"]}}],"collection":[{"href":"https:\/\/laconiebrand.com\/pl\/wp-json\/wp\/v2\/product"}],"about":[{"href":"https:\/\/laconiebrand.com\/pl\/wp-json\/wp\/v2\/types\/product"}],"wp:featuredmedia":[{"embeddable":true,"href":"https:\/\/laconiebrand.com\/pl\/wp-json\/wp\/v2\/media\/4687"}],"wp:attachment":[{"href":"https:\/\/laconiebrand.com\/pl\/wp-json\/wp\/v2\/media?parent=4574"}],"wp:term":[{"taxonomy":"product_brand","embeddable":true,"href":"https:\/\/laconiebrand.com\/pl\/wp-json\/wp\/v2\/product_brand?post=4574"},{"taxonomy":"product_cat","embeddable":true,"href":"https:\/\/laconiebrand.com\/pl\/wp-json\/wp\/v2\/product_cat?post=4574"},{"taxonomy":"product_tag","embeddable":true,"href":"https:\/\/laconiebrand.com\/pl\/wp-json\/wp\/v2\/product_tag?post=4574"}],"curies":[{"name":"wp","href":"https:\/\/api.w.org\/{rel}","templated":true}]}}