{"id":4575,"date":"2022-09-20T11:12:05","date_gmt":"2022-09-20T11:12:05","guid":{"rendered":"https:\/\/laconiebrand.com\/?post_type=product&#038;p=4575"},"modified":"2023-07-23T16:47:56","modified_gmt":"2023-07-23T16:47:56","slug":"oversized-carrot-upcycled-dress","status":"publish","type":"product","link":"https:\/\/laconiebrand.com\/pl\/produkt\/oversized-carrot-upcycled-dress\/","title":{"rendered":"Oversized Carrot Upcycled Dress"},"content":{"rendered":"<div class=\"vc_row wpb_row vc_row-fluid qodef-content-aligment-left\" ><div class=\"wpb_column vc_column_container vc_col-sm-6 vc_col-lg-offset-5\"><div class=\"vc_column-inner\"><div class=\"wpb_wrapper\"><div class=\"vc_empty_space\"   style=\"height: 32px\"><span class=\"vc_empty_space_inner\"><\/span><\/div>\n\t<div class=\"wpb_text_column wpb_content_element\" >\n\t\t<div class=\"wpb_wrapper\">\n\t\t\t<pre id=\"tw-target-text\" class=\"tw-data-text tw-text-large tw-ta\" dir=\"ltr\" data-placeholder=\"T\u0142umaczenie\"><span class=\"Y2IQFc\" lang=\"en\">WYMIARY ONE SIZE (OVERSIZE)\nD\u0142ugo\u015b\u0107 (cm) 98\nBiust (cm) 70\nTalia (cm) 70\nSzeroko\u015b\u0107 w biodrach (cm) 70\nD\u0142ugo\u015b\u0107 r\u0119kawa (cm) 22\n\n100% bawe\u0142na\n\nSpos\u00f3b prania:<\/span><\/pre>\n\n\t\t<\/div>\n\t<\/div>\n<div class=\"vc_empty_space\"   style=\"height: 16px\"><span class=\"vc_empty_space_inner\"><\/span><\/div>\n\t<div  class=\"wpb_single_image wpb_content_element vc_align_left\">\n\t\t\n\t\t<figure class=\"wpb_wrapper vc_figure\">\n\t\t\t<div class=\"vc_single_image-wrapper   vc_box_border_grey\"><img loading=\"lazy\" decoding=\"async\" class=\"vc_single_image-img\" src=\"https:\/\/laconiebrand.com\/wp-content\/uploads\/2020\/09\/50-50-202x32.jpg\" width=\"202\" height=\"32\" alt=\"50 50\" title=\"50 50\" \/><\/div>\n\t\t<\/figure>\n\t<\/div>\n<div class=\"vc_empty_space\"   style=\"height: 32px\"><span class=\"vc_empty_space_inner\"><\/span><\/div><\/div><\/div><\/div><\/div>","protected":false},"excerpt":{"rendered":"<p><em>I am upcycled dress and homecrafted product!<\/em><\/p>\n<p>&nbsp;<\/p>\n<p>This is easy-going and lax upcycled dress. Made by own hands. Upcycled cotton jersey. Oversized T-shaped dress. Construcion was created on the basis of an extended boyfriend T-shirt.<\/p>\n<p>Dress in intense orange of a carrot or rust colour. Decorative element in the form of a crinkled panel on the side of the dress.<\/p>\n<p>&nbsp;<\/p>\n<p>I managed to buy this material as deadstock, some post-production residue in one untouched piece. It is a thin, quite flowing jersey.This model is off-season &#8211; perfect to wear all year round.<\/p>\n<p>I had narrow strips of fabric left, so that&#8217;s how the idea of \u200b\u200badding ruffles on the right side was born. This added asymmetry to this simple, minimalist form.<\/p>\n<p>The ruffle motif appears in several models in the Farm Life capsule collection. Crinkled elements made of out of waste fabric are a great way to use scraps in the concept of zero waste design.<\/p>\n<p>It took me 3,5h to made this item.<\/p>\n<p>&nbsp;<\/p>\n<p>This product is made from upcycled material. Therefore, it may have some minor imperfections that do not significantly affect the quality of the product.<\/p>\n<p>Our products are one-of-a-kind in limited quantities or sometimes in one piece only.<\/p>\n<p>Please also remember that we provide a FREE REPAIR SERVICE for all our products, so you can enjoy it as long as possible.<\/p>\n<p>&nbsp;<\/p>","protected":false},"featured_media":4639,"template":"","meta":[],"product_brand":[],"product_cat":[149],"product_tag":[148,146,144,118,145,142,143,147,138,137,141],"class_list":{"0":"post-4575","1":"product","2":"type-product","3":"status-publish","4":"has-post-thumbnail","6":"product_cat-dress","7":"product_tag-alll-year-dress","8":"product_tag-clothes-out-of-waste-fabric","9":"product_tag-everyday-dress","10":"product_tag-laconie-upcycled-brand","11":"product_tag-midi-dress","12":"product_tag-orange-dress","13":"product_tag-oversized-dress","14":"product_tag-season-less-collection","15":"product_tag-unique-basic-clothes","16":"product_tag-upcycled-clothes","17":"product_tag-zero-waste-dress","19":"first","20":"instock","21":"sold-individually","22":"taxable","23":"shipping-taxable","24":"purchasable","25":"product-type-simple"},"_links":{"self":[{"href":"https:\/\/laconiebrand.com\/pl\/wp-json\/wp\/v2\/product\/4575","targetHints":{"allow":["GET"]}}],"collection":[{"href":"https:\/\/laconiebrand.com\/pl\/wp-json\/wp\/v2\/product"}],"about":[{"href":"https:\/\/laconiebrand.com\/pl\/wp-json\/wp\/v2\/types\/product"}],"wp:featuredmedia":[{"embeddable":true,"href":"https:\/\/laconiebrand.com\/pl\/wp-json\/wp\/v2\/media\/4639"}],"wp:attachment":[{"href":"https:\/\/laconiebrand.com\/pl\/wp-json\/wp\/v2\/media?parent=4575"}],"wp:term":[{"taxonomy":"product_brand","embeddable":true,"href":"https:\/\/laconiebrand.com\/pl\/wp-json\/wp\/v2\/product_brand?post=4575"},{"taxonomy":"product_cat","embeddable":true,"href":"https:\/\/laconiebrand.com\/pl\/wp-json\/wp\/v2\/product_cat?post=4575"},{"taxonomy":"product_tag","embeddable":true,"href":"https:\/\/laconiebrand.com\/pl\/wp-json\/wp\/v2\/product_tag?post=4575"}],"curies":[{"name":"wp","href":"https:\/\/api.w.org\/{rel}","templated":true}]}}