{"id":4576,"date":"2022-09-20T11:23:25","date_gmt":"2022-09-20T11:23:25","guid":{"rendered":"https:\/\/laconiebrand.com\/?post_type=product&#038;p=4576"},"modified":"2023-07-23T16:49:06","modified_gmt":"2023-07-23T16:49:06","slug":"striped-t-shirt-with-frills","status":"publish","type":"product","link":"https:\/\/laconiebrand.com\/pl\/produkt\/striped-t-shirt-with-frills\/","title":{"rendered":"Koszulka w Paski z falbankami"},"content":{"rendered":"<div class=\"vc_row wpb_row vc_row-fluid qodef-content-aligment-left\" ><div class=\"wpb_column vc_column_container vc_col-sm-6 vc_col-lg-offset-5\"><div class=\"vc_column-inner\"><div class=\"wpb_wrapper\"><div class=\"vc_empty_space\"   style=\"height: 32px\"><span class=\"vc_empty_space_inner\"><\/span><\/div>\n\t<div class=\"wpb_text_column wpb_content_element\" >\n\t\t<div class=\"wpb_wrapper\">\n\t\t\t<pre id=\"tw-target-text\" class=\"tw-data-text tw-text-large tw-ta\" dir=\"ltr\" data-placeholder=\"T\u0142umaczenie\"><span class=\"Y2IQFc\" lang=\"en\">WYMIARY ONE SIZE (OVERSIZE)\nD\u0142ugo\u015b\u0107 (cm) 72\nD\u0142ugo\u015b\u0107 z falbank\u0105 (cm) 85\nBiust (cm) 64\nTalia (cm) 64\nSzeroko\u015b\u0107 w biodrach (cm) 64\nD\u0142ugo\u015b\u0107 r\u0119kawa (cm) 13\n\n100% bawe\u0142na\n\nSpos\u00f3b prania:<\/span><\/pre>\n\n\t\t<\/div>\n\t<\/div>\n<div class=\"vc_empty_space\"   style=\"height: 16px\"><span class=\"vc_empty_space_inner\"><\/span><\/div>\n\t<div  class=\"wpb_single_image wpb_content_element vc_align_left\">\n\t\t\n\t\t<figure class=\"wpb_wrapper vc_figure\">\n\t\t\t<div class=\"vc_single_image-wrapper   vc_box_border_grey\"><img loading=\"lazy\" decoding=\"async\" class=\"vc_single_image-img\" src=\"https:\/\/laconiebrand.com\/wp-content\/uploads\/2020\/09\/50-50-202x32.jpg\" width=\"202\" height=\"32\" alt=\"50 50\" title=\"50 50\" \/><\/div>\n\t\t<\/figure>\n\t<\/div>\n<div class=\"vc_empty_space\"   style=\"height: 32px\"><span class=\"vc_empty_space_inner\"><\/span><\/div><\/div><\/div><\/div><\/div>","protected":false},"excerpt":{"rendered":"<p>I am upcycled and homecrafted item!<\/p>\n<p>Out of waste striped jersey T-shirt. Composition of material is 100% cotton. Dark navy blue and off-white stripes pattern. Decorative ruffle plasket on crew neckline.<\/p>\n<p>Drop shoulders. Oversized longline fit. A crinkle unique finish made from leftover material according to the zero waste mission &#8211; nothing is wasted.<\/p>\n<p>Two frill panels- one on a front and one on back.\u00a0The thin jersey was found in a second-hand store by my mom as 4 very irregular pieces of material.<\/p>\n<p>I suspect it was a manufacturing defect as the lines were not perfectly stright in some places.\u00a0It took me 4,5 hours in total to create this style.<\/p>\n<p>&nbsp;<\/p>\n<p>This product is made from upcycled material. Therefore, it may have some minor imperfections that do not significantly affect the quality of the product.<\/p>\n<p>Our products are one-of-a-kind in limited quantities or sometimes in one piece only.<\/p>\n<p>Please also remember that we provide a FREE REPAIR SERVICE for all our products, so you can enjoy it as long as possible.<strong>\u00a0<\/strong><\/p>","protected":false},"featured_media":4722,"template":"","meta":[],"product_brand":[],"product_cat":[128],"product_tag":[134,124,129,140,131,135,136,132,133,139,138,137,130,126],"class_list":{"0":"post-4576","1":"product","2":"type-product","3":"status-publish","4":"has-post-thumbnail","6":"product_cat-t-shirt","7":"product_tag-frills","8":"product_tag-handmade","9":"product_tag-laconie-t-shirt","10":"product_tag-laconie-upcycled-brands","11":"product_tag-longline-t-shirt","12":"product_tag-ruffles","13":"product_tag-short-sleeve-t-shirt","14":"product_tag-stripes","15":"product_tag-stripes-t-shirt","16":"product_tag-sustainable-clothes","17":"product_tag-unique-basic-clothes","18":"product_tag-upcycled-clothes","19":"product_tag-upcycled-material","20":"product_tag-zero-waste","22":"first","23":"instock","24":"sold-individually","25":"taxable","26":"shipping-taxable","27":"purchasable","28":"product-type-simple"},"_links":{"self":[{"href":"https:\/\/laconiebrand.com\/pl\/wp-json\/wp\/v2\/product\/4576","targetHints":{"allow":["GET"]}}],"collection":[{"href":"https:\/\/laconiebrand.com\/pl\/wp-json\/wp\/v2\/product"}],"about":[{"href":"https:\/\/laconiebrand.com\/pl\/wp-json\/wp\/v2\/types\/product"}],"wp:featuredmedia":[{"embeddable":true,"href":"https:\/\/laconiebrand.com\/pl\/wp-json\/wp\/v2\/media\/4722"}],"wp:attachment":[{"href":"https:\/\/laconiebrand.com\/pl\/wp-json\/wp\/v2\/media?parent=4576"}],"wp:term":[{"taxonomy":"product_brand","embeddable":true,"href":"https:\/\/laconiebrand.com\/pl\/wp-json\/wp\/v2\/product_brand?post=4576"},{"taxonomy":"product_cat","embeddable":true,"href":"https:\/\/laconiebrand.com\/pl\/wp-json\/wp\/v2\/product_cat?post=4576"},{"taxonomy":"product_tag","embeddable":true,"href":"https:\/\/laconiebrand.com\/pl\/wp-json\/wp\/v2\/product_tag?post=4576"}],"curies":[{"name":"wp","href":"https:\/\/api.w.org\/{rel}","templated":true}]}}