{"id":4578,"date":"2022-09-20T11:52:34","date_gmt":"2022-09-20T11:52:34","guid":{"rendered":"https:\/\/laconiebrand.com\/?post_type=product&#038;p=4578"},"modified":"2023-07-23T16:50:24","modified_gmt":"2023-07-23T16:50:24","slug":"graphite-shirt-with-metal-eyelets","status":"publish","type":"product","link":"https:\/\/laconiebrand.com\/pl\/produkt\/graphite-shirt-with-metal-eyelets\/","title":{"rendered":"Grafitowa Koszula z Metalowymi Eyeletami"},"content":{"rendered":"<div class=\"oSioSc\">\n<div id=\"tw-target\">\n<div id=\"kAz1tf\" class=\"g9WsWb\">\n<div id=\"tw-target-text-container\" class=\"tw-ta-container F0azHf tw-nfl\" tabindex=\"0\">\n<pre id=\"tw-target-text\" class=\"tw-data-text tw-text-large tw-ta\" dir=\"ltr\" data-placeholder=\"T\u0142umaczenie\"><span class=\"Y2IQFc\" lang=\"en\">WYMIARY ONE SIZE (OVERSIZE):\n\nD\u0142ugo\u015b\u0107 z przodu (cm) 68\nD\u0142ugo\u015b\u0107 z ty\u0142u (cm) 72,5\nSzeroko\u015b\u0107 w pasie (cm) 65\nSzeroko\u015b\u0107 klatki piersiowej (cm) 65\nD\u0142ugo\u015b\u0107 r\u0119kawa (cm) 20\n\n80% bawe\u0142na 20% poliester\n\nSpos\u00f3b na pranie:<\/span><\/pre>\n<\/div>\n<\/div>\n<\/div>\n<\/div>\n<p><a href=\"https:\/\/laconiebrand.com\/wp-content\/uploads\/2019\/11\/90cotton-10polyester.jpg\"><img loading=\"lazy\" decoding=\"async\" class=\"alignnone size-medium wp-image-3880\" src=\"https:\/\/laconiebrand.com\/wp-content\/uploads\/2019\/11\/90cotton-10polyester-300x48.jpg\" alt=\"\" width=\"300\" height=\"48\" srcset=\"https:\/\/laconiebrand.com\/wp-content\/uploads\/2019\/11\/90cotton-10polyester-300x48.jpg 300w, https:\/\/laconiebrand.com\/wp-content\/uploads\/2019\/11\/90cotton-10polyester.jpg 403w\" sizes=\"auto, (max-width: 300px) 100vw, 300px\" \/><\/a><\/p>","protected":false},"excerpt":{"rendered":"<div id=\"tw-target-text-container\" class=\"tw-ta-container F0azHf tw-nfl\" tabindex=\"0\">\n<pre class=\"tw-data-text tw-text-large tw-ta\" dir=\"ltr\" data-placeholder=\"T\u0142umaczenie\"><span class=\"Y2IQFc\" lang=\"en\">I am <\/span><span class=\"Y2IQFc\" lang=\"en\">upcycled and <\/span><span class=\"Y2IQFc\" lang=\"en\">handmade product!\r\n\r\nBoxy, minimalistic shirt in graphite with decorative spread collar. Drop schoulders and oversized fit.\r\nSilver metal eyelets on neckline. Placket with metal, flat snaps. Two pockets on chest <\/span><span class=\"Y2IQFc\" lang=\"en\">sewn at an angle<\/span><span class=\"Y2IQFc\" lang=\"en\">.\r\nBack is longer then front. Slip on both sides.\r\nPre-existing fabric is a combination of cotton and polyester. Plain dark grey structural fabric where you can see weave. \r\n\r\nThis item was made in 2 pieces only. F<\/span><span class=\"Y2IQFc\" lang=\"en\">abric was found by me as a factory leftover in one of my favorite second-hand store. The material had the original 'factory seal' with the date 1977. \r\nSince that time it was lying somewhere useless until it fell into my hands. <\/span><span class=\"Y2IQFc\" lang=\"en\">I was sticking snaps and installing eyelets by myself (because my lovely leatherworker\/metal expert,\r\n went on a 3-month vacation):).\r\n\r\n<\/span><span class=\"Y2IQFc\" lang=\"en\">Collar with eyelets is the second model that appeared in the assortment of our brand. I have to admit that I like this simple, but effective treatment\r\n that adds more to spices to our cute aescetic. <\/span><span class=\"Y2IQFc\" lang=\"en\">I haven't seen collar eyelets anywhere, so I dare say it's my own original idea.:) <\/span><\/pre>\n<pre id=\"tw-target-text\" class=\"tw-data-text tw-text-large tw-ta\" dir=\"ltr\" data-placeholder=\"Translation\"><span class=\"Y2IQFc\" lang=\"en\">It took me 6.5 hours to make this product, including assembly of metal elements and stitch the labels.\r\n\r\n<\/span><\/pre>\n<\/div>\n<div id=\"tw-target-rmn-container\" class=\"tw-target-rmn tw-ta-container F0azHf tw-nfl\">\n<p>This product is made from upcycled material. Therefore, it may have some minor imperfections that do not significantly affect the quality of the product.<\/p>\n<pre id=\"tw-target-rmn\" class=\"tw-data-placeholder tw-text-small tw-ta\" dir=\"ltr\" data-placeholder=\"\">Our products are one-of-a-kind in limited quantities or sometimes in one piece only. \r\n\r\nPlease also remember that we provide a FREE REPAIR SERVICE for all our products, so you can enjoy it as long as possible.<\/pre>\n<\/div>","protected":false},"featured_media":4670,"template":"","meta":[],"product_brand":[],"product_cat":[112],"product_tag":[123,116,114,124,117,118,122,121,119,127,113,120,125,115,126],"class_list":{"0":"post-4578","1":"product","2":"type-product","3":"status-publish","4":"has-post-thumbnail","6":"product_cat-shirt","7":"product_tag-boxy-shirt","8":"product_tag-collar","9":"product_tag-eyelets","10":"product_tag-handmade","11":"product_tag-laconie-shirt","12":"product_tag-laconie-upcycled-brand","13":"product_tag-one-size","14":"product_tag-oversized","15":"product_tag-reuse-fabric","16":"product_tag-rework","17":"product_tag-shirt","18":"product_tag-shirt-with-pockets","19":"product_tag-sustainable","20":"product_tag-upcycled-fabric","21":"product_tag-zero-waste","23":"first","24":"instock","25":"taxable","26":"shipping-taxable","27":"purchasable","28":"product-type-simple"},"_links":{"self":[{"href":"https:\/\/laconiebrand.com\/pl\/wp-json\/wp\/v2\/product\/4578","targetHints":{"allow":["GET"]}}],"collection":[{"href":"https:\/\/laconiebrand.com\/pl\/wp-json\/wp\/v2\/product"}],"about":[{"href":"https:\/\/laconiebrand.com\/pl\/wp-json\/wp\/v2\/types\/product"}],"wp:featuredmedia":[{"embeddable":true,"href":"https:\/\/laconiebrand.com\/pl\/wp-json\/wp\/v2\/media\/4670"}],"wp:attachment":[{"href":"https:\/\/laconiebrand.com\/pl\/wp-json\/wp\/v2\/media?parent=4578"}],"wp:term":[{"taxonomy":"product_brand","embeddable":true,"href":"https:\/\/laconiebrand.com\/pl\/wp-json\/wp\/v2\/product_brand?post=4578"},{"taxonomy":"product_cat","embeddable":true,"href":"https:\/\/laconiebrand.com\/pl\/wp-json\/wp\/v2\/product_cat?post=4578"},{"taxonomy":"product_tag","embeddable":true,"href":"https:\/\/laconiebrand.com\/pl\/wp-json\/wp\/v2\/product_tag?post=4578"}],"curies":[{"name":"wp","href":"https:\/\/api.w.org\/{rel}","templated":true}]}}